{"id":1214,"date":"2025-07-29T23:22:58","date_gmt":"2025-07-29T21:22:58","guid":{"rendered":"https:\/\/www.rentalcompany.cz\/?post_type=product&#038;p=1214"},"modified":"2025-08-21T16:47:49","modified_gmt":"2025-08-21T14:47:49","slug":"predkrmova-vidlicka-zlata","status":"publish","type":"product","link":"https:\/\/www.rentalcompany.cz\/cs_cz\/produkt\/predkrmova-vidlicka-zlata\/","title":{"rendered":"P\u0159edkrmov\u00e1 vidli\u010dka zlat\u00e1 lesk"},"content":{"rendered":"<p><img fetchpriority=\"high\" decoding=\"async\" class=\"alignnone size-medium wp-image-1233\" src=\"http:\/\/www.rentalcompany.cz\/wp-content\/uploads\/2025\/07\/93d4761c-6013-4495-83fa-dd1c34b05845-225x300.jpg\" alt=\"\" width=\"225\" height=\"300\" srcset=\"https:\/\/www.rentalcompany.cz\/wp-content\/uploads\/2025\/07\/93d4761c-6013-4495-83fa-dd1c34b05845-225x300.jpg 225w, https:\/\/www.rentalcompany.cz\/wp-content\/uploads\/2025\/07\/93d4761c-6013-4495-83fa-dd1c34b05845-768x1024.jpg 768w, https:\/\/www.rentalcompany.cz\/wp-content\/uploads\/2025\/07\/93d4761c-6013-4495-83fa-dd1c34b05845-1152x1536.jpg 1152w, https:\/\/www.rentalcompany.cz\/wp-content\/uploads\/2025\/07\/93d4761c-6013-4495-83fa-dd1c34b05845-9x12.jpg 9w, https:\/\/www.rentalcompany.cz\/wp-content\/uploads\/2025\/07\/93d4761c-6013-4495-83fa-dd1c34b05845-600x800.jpg 600w, https:\/\/www.rentalcompany.cz\/wp-content\/uploads\/2025\/07\/93d4761c-6013-4495-83fa-dd1c34b05845.jpg 1200w\" sizes=\"(max-width: 225px) 100vw, 225px\" \/><\/p>","protected":false},"excerpt":{"rendered":"<h3><strong>Zlat\u00e1 p\u0159edkrmov\u00e1 vidli\u010dka \u2013 elegantn\u00ed detail pro slavnostn\u00ed tabuli<\/strong><\/h3>\n<p>Dodejte sv\u00e9 svatebn\u00ed nebo slavnostn\u00ed tabuli n\u00e1dech luxusu s touto elegantn\u00ed zlatou p\u0159edkrmovou vidli\u010dkou. D\u00edky sv\u00e9mu jednoduch\u00e9mu, ale sofistikovan\u00e9mu designu se skv\u011ble hod\u00ed na svatby, gala ve\u010dery, firemn\u00ed akce i jin\u00e9 v\u00fdjime\u010dn\u00e9 ud\u00e1losti.<\/p>\n<p>Tato vidli\u010dka je ide\u00e1ln\u00ed volbou pro ty, kte\u0159\u00ed cht\u011bj\u00ed vytvo\u0159it harmonick\u00fd a stylov\u00fd dojem bez kompromis\u016f.<\/p>","protected":false},"featured_media":1233,"comment_status":"closed","ping_status":"closed","template":"","meta":[],"product_cat":[34,48],"product_tag":[82,81,83],"class_list":{"0":"post-1214","1":"product","2":"type-product","3":"status-publish","4":"has-post-thumbnail","6":"product_cat-na-stoly","7":"product_cat-pribory","8":"product_tag-pribor","9":"product_tag-stolovani","10":"product_tag-vidlicka","12":"first","13":"instock","14":"taxable","15":"shipping-taxable","16":"product-type-simple"},"_links":{"self":[{"href":"https:\/\/www.rentalcompany.cz\/cs_cz\/wp-json\/wp\/v2\/product\/1214","targetHints":{"allow":["GET"]}}],"collection":[{"href":"https:\/\/www.rentalcompany.cz\/cs_cz\/wp-json\/wp\/v2\/product"}],"about":[{"href":"https:\/\/www.rentalcompany.cz\/cs_cz\/wp-json\/wp\/v2\/types\/product"}],"replies":[{"embeddable":true,"href":"https:\/\/www.rentalcompany.cz\/cs_cz\/wp-json\/wp\/v2\/comments?post=1214"}],"wp:featuredmedia":[{"embeddable":true,"href":"https:\/\/www.rentalcompany.cz\/cs_cz\/wp-json\/wp\/v2\/media\/1233"}],"wp:attachment":[{"href":"https:\/\/www.rentalcompany.cz\/cs_cz\/wp-json\/wp\/v2\/media?parent=1214"}],"wp:term":[{"taxonomy":"product_cat","embeddable":true,"href":"https:\/\/www.rentalcompany.cz\/cs_cz\/wp-json\/wp\/v2\/product_cat?post=1214"},{"taxonomy":"product_tag","embeddable":true,"href":"https:\/\/www.rentalcompany.cz\/cs_cz\/wp-json\/wp\/v2\/product_tag?post=1214"}],"curies":[{"name":"wp","href":"https:\/\/api.w.org\/{rel}","templated":true}]}}