{"id":1228,"date":"2025-07-31T10:32:32","date_gmt":"2025-07-31T08:32:32","guid":{"rendered":"https:\/\/www.rentalcompany.cz\/?post_type=product&#038;p=1228"},"modified":"2025-08-21T18:17:07","modified_gmt":"2025-08-21T16:17:07","slug":"couvert-nuz","status":"publish","type":"product","link":"https:\/\/www.rentalcompany.cz\/cs_cz\/produkt\/couvert-nuz\/","title":{"rendered":"Couvert n\u016f\u017e zlat\u00fd lesk (m\u00e1slov\u00fd)"},"content":{"rendered":"","protected":false},"excerpt":{"rendered":"<p>Zlat\u00fd couvert n\u016f\u017e je specifick\u00fd typ stoln\u00edho no\u017ee, kter\u00fd se pou\u017e\u00edv\u00e1 na m\u00e1slo.<\/p>","protected":false},"featured_media":1229,"comment_status":"closed","ping_status":"closed","template":"","meta":[],"product_cat":[34,48,42],"product_tag":[114,88,82,81],"class_list":{"0":"post-1228","1":"product","2":"type-product","3":"status-publish","4":"has-post-thumbnail","6":"product_cat-na-stoly","7":"product_cat-pribory","8":"product_cat-stoly","9":"product_tag-maslovy-nuz","10":"product_tag-nuz","11":"product_tag-pribor","12":"product_tag-stolovani","13":"product_shipping_class-lehke-zbozi","15":"first","16":"instock","17":"taxable","18":"shipping-taxable","19":"purchasable","20":"product-type-simple"},"_links":{"self":[{"href":"https:\/\/www.rentalcompany.cz\/cs_cz\/wp-json\/wp\/v2\/product\/1228","targetHints":{"allow":["GET"]}}],"collection":[{"href":"https:\/\/www.rentalcompany.cz\/cs_cz\/wp-json\/wp\/v2\/product"}],"about":[{"href":"https:\/\/www.rentalcompany.cz\/cs_cz\/wp-json\/wp\/v2\/types\/product"}],"replies":[{"embeddable":true,"href":"https:\/\/www.rentalcompany.cz\/cs_cz\/wp-json\/wp\/v2\/comments?post=1228"}],"wp:featuredmedia":[{"embeddable":true,"href":"https:\/\/www.rentalcompany.cz\/cs_cz\/wp-json\/wp\/v2\/media\/1229"}],"wp:attachment":[{"href":"https:\/\/www.rentalcompany.cz\/cs_cz\/wp-json\/wp\/v2\/media?parent=1228"}],"wp:term":[{"taxonomy":"product_cat","embeddable":true,"href":"https:\/\/www.rentalcompany.cz\/cs_cz\/wp-json\/wp\/v2\/product_cat?post=1228"},{"taxonomy":"product_tag","embeddable":true,"href":"https:\/\/www.rentalcompany.cz\/cs_cz\/wp-json\/wp\/v2\/product_tag?post=1228"}],"curies":[{"name":"wp","href":"https:\/\/api.w.org\/{rel}","templated":true}]}}