{"id":1232,"date":"2025-07-31T10:55:33","date_gmt":"2025-07-31T08:55:33","guid":{"rendered":"https:\/\/www.rentalcompany.cz\/?post_type=product&#038;p=1232"},"modified":"2025-08-21T18:16:05","modified_gmt":"2025-08-21T16:16:05","slug":"hlavni-chod-vidlicka-zlata-lesk","status":"publish","type":"product","link":"https:\/\/www.rentalcompany.cz\/cs_cz\/produkt\/hlavni-chod-vidlicka-zlata-lesk\/","title":{"rendered":"Hlavn\u00ed chod vidli\u010dka zlat\u00e1 lesk"},"content":{"rendered":"","protected":false},"excerpt":{"rendered":"<p>Vidli\u010dka na hlavn\u00ed chod (tak\u00e9 naz\u00fdvan\u00e1\u00a0<strong>j\u00eddeln\u00ed vidli\u010dka<\/strong>) je z\u00e1kladn\u00ed sou\u010d\u00e1st stoln\u00edho p\u0159\u00edboru a pou\u017e\u00edv\u00e1 se p\u0159i konzumaci hlavn\u00edho j\u00eddla<\/p>","protected":false},"featured_media":1233,"comment_status":"closed","ping_status":"closed","template":"","meta":[],"product_cat":[34,48,42],"product_tag":[82,81,83],"class_list":{"0":"post-1232","1":"product","2":"type-product","3":"status-publish","4":"has-post-thumbnail","6":"product_cat-na-stoly","7":"product_cat-pribory","8":"product_cat-stoly","9":"product_tag-pribor","10":"product_tag-stolovani","11":"product_tag-vidlicka","12":"product_shipping_class-lehke-zbozi","14":"first","15":"instock","16":"taxable","17":"shipping-taxable","18":"purchasable","19":"product-type-simple"},"_links":{"self":[{"href":"https:\/\/www.rentalcompany.cz\/cs_cz\/wp-json\/wp\/v2\/product\/1232","targetHints":{"allow":["GET"]}}],"collection":[{"href":"https:\/\/www.rentalcompany.cz\/cs_cz\/wp-json\/wp\/v2\/product"}],"about":[{"href":"https:\/\/www.rentalcompany.cz\/cs_cz\/wp-json\/wp\/v2\/types\/product"}],"replies":[{"embeddable":true,"href":"https:\/\/www.rentalcompany.cz\/cs_cz\/wp-json\/wp\/v2\/comments?post=1232"}],"wp:featuredmedia":[{"embeddable":true,"href":"https:\/\/www.rentalcompany.cz\/cs_cz\/wp-json\/wp\/v2\/media\/1233"}],"wp:attachment":[{"href":"https:\/\/www.rentalcompany.cz\/cs_cz\/wp-json\/wp\/v2\/media?parent=1232"}],"wp:term":[{"taxonomy":"product_cat","embeddable":true,"href":"https:\/\/www.rentalcompany.cz\/cs_cz\/wp-json\/wp\/v2\/product_cat?post=1232"},{"taxonomy":"product_tag","embeddable":true,"href":"https:\/\/www.rentalcompany.cz\/cs_cz\/wp-json\/wp\/v2\/product_tag?post=1232"}],"curies":[{"name":"wp","href":"https:\/\/api.w.org\/{rel}","templated":true}]}}