{"id":1235,"date":"2025-07-31T11:02:56","date_gmt":"2025-07-31T09:02:56","guid":{"rendered":"https:\/\/www.rentalcompany.cz\/?post_type=product&#038;p=1235"},"modified":"2025-08-21T18:18:25","modified_gmt":"2025-08-21T16:18:25","slug":"polevkova-lzice-ovalna-zlata-lesk","status":"publish","type":"product","link":"https:\/\/www.rentalcompany.cz\/cs_cz\/produkt\/polevkova-lzice-ovalna-zlata-lesk\/","title":{"rendered":"Pol\u00e9vkov\u00e1 l\u017e\u00edce ov\u00e1ln\u00e1 zlat\u00e1 lesk"},"content":{"rendered":"","protected":false},"excerpt":{"rendered":"","protected":false},"featured_media":0,"comment_status":"open","ping_status":"closed","template":"","meta":[],"product_cat":[15],"product_tag":[115,116,82,81],"class_list":{"0":"post-1235","1":"product","2":"type-product","3":"status-publish","5":"product_cat-nezarazene","6":"product_tag-lzice","7":"product_tag-polevka","8":"product_tag-pribor","9":"product_tag-stolovani","11":"first","12":"instock","13":"taxable","14":"shipping-taxable","15":"product-type-simple"},"_links":{"self":[{"href":"https:\/\/www.rentalcompany.cz\/cs_cz\/wp-json\/wp\/v2\/product\/1235","targetHints":{"allow":["GET"]}}],"collection":[{"href":"https:\/\/www.rentalcompany.cz\/cs_cz\/wp-json\/wp\/v2\/product"}],"about":[{"href":"https:\/\/www.rentalcompany.cz\/cs_cz\/wp-json\/wp\/v2\/types\/product"}],"replies":[{"embeddable":true,"href":"https:\/\/www.rentalcompany.cz\/cs_cz\/wp-json\/wp\/v2\/comments?post=1235"}],"wp:attachment":[{"href":"https:\/\/www.rentalcompany.cz\/cs_cz\/wp-json\/wp\/v2\/media?parent=1235"}],"wp:term":[{"taxonomy":"product_cat","embeddable":true,"href":"https:\/\/www.rentalcompany.cz\/cs_cz\/wp-json\/wp\/v2\/product_cat?post=1235"},{"taxonomy":"product_tag","embeddable":true,"href":"https:\/\/www.rentalcompany.cz\/cs_cz\/wp-json\/wp\/v2\/product_tag?post=1235"}],"curies":[{"name":"wp","href":"https:\/\/api.w.org\/{rel}","templated":true}]}}