{"id":1254,"date":"2025-08-21T16:50:23","date_gmt":"2025-08-21T14:50:23","guid":{"rendered":"https:\/\/www.rentalcompany.cz\/?post_type=product&#038;p=1254"},"modified":"2025-08-21T16:58:46","modified_gmt":"2025-08-21T14:58:46","slug":"dezertni-vidlicka-zlata-lesk","status":"publish","type":"product","link":"https:\/\/www.rentalcompany.cz\/cs_cz\/produkt\/dezertni-vidlicka-zlata-lesk\/","title":{"rendered":"Dezertn\u00ed vidli\u010dka zlat\u00e1 lesk"},"content":{"rendered":"","protected":false},"excerpt":{"rendered":"<p>Dezertn\u00ed vidli\u010dka je mal\u00fd p\u0159\u00edbor ur\u010den\u00fd k pohodln\u00e9mu konzumov\u00e1n\u00ed dezert\u016f, jako jsou dorty, kol\u00e1\u010de, z\u00e1kusky nebo ovoce.<\/p>","protected":false},"featured_media":1255,"comment_status":"closed","ping_status":"closed","template":"","meta":[],"product_cat":[34,48,42],"product_tag":[88,82,81,83],"class_list":{"0":"post-1254","1":"product","2":"type-product","3":"status-publish","4":"has-post-thumbnail","6":"product_cat-na-stoly","7":"product_cat-pribory","8":"product_cat-stoly","9":"product_tag-nuz","10":"product_tag-pribor","11":"product_tag-stolovani","12":"product_tag-vidlicka","13":"product_shipping_class-lehke-zbozi","15":"first","16":"instock","17":"taxable","18":"shipping-taxable","19":"purchasable","20":"product-type-simple"},"_links":{"self":[{"href":"https:\/\/www.rentalcompany.cz\/cs_cz\/wp-json\/wp\/v2\/product\/1254","targetHints":{"allow":["GET"]}}],"collection":[{"href":"https:\/\/www.rentalcompany.cz\/cs_cz\/wp-json\/wp\/v2\/product"}],"about":[{"href":"https:\/\/www.rentalcompany.cz\/cs_cz\/wp-json\/wp\/v2\/types\/product"}],"replies":[{"embeddable":true,"href":"https:\/\/www.rentalcompany.cz\/cs_cz\/wp-json\/wp\/v2\/comments?post=1254"}],"wp:featuredmedia":[{"embeddable":true,"href":"https:\/\/www.rentalcompany.cz\/cs_cz\/wp-json\/wp\/v2\/media\/1255"}],"wp:attachment":[{"href":"https:\/\/www.rentalcompany.cz\/cs_cz\/wp-json\/wp\/v2\/media?parent=1254"}],"wp:term":[{"taxonomy":"product_cat","embeddable":true,"href":"https:\/\/www.rentalcompany.cz\/cs_cz\/wp-json\/wp\/v2\/product_cat?post=1254"},{"taxonomy":"product_tag","embeddable":true,"href":"https:\/\/www.rentalcompany.cz\/cs_cz\/wp-json\/wp\/v2\/product_tag?post=1254"}],"curies":[{"name":"wp","href":"https:\/\/api.w.org\/{rel}","templated":true}]}}