{"id":1262,"date":"2025-08-21T17:08:25","date_gmt":"2025-08-21T15:08:25","guid":{"rendered":"https:\/\/www.rentalcompany.cz\/?post_type=product&#038;p=1262"},"modified":"2025-08-21T17:11:02","modified_gmt":"2025-08-21T15:11:02","slug":"predkrmova-vidlicka-zlata-mat","status":"publish","type":"product","link":"https:\/\/www.rentalcompany.cz\/cs_cz\/produkt\/predkrmova-vidlicka-zlata-mat\/","title":{"rendered":"P\u0159edkrmov\u00e1 vidli\u010dka zlat\u00e1 mat"},"content":{"rendered":"","protected":false},"excerpt":{"rendered":"<p>P\u0159edkrmov\u00e1 vidli\u010dka je ur\u010den\u00e1 ke konzumaci p\u0159edkrm\u016f, jako jsou sal\u00e1ty, studen\u00e9 pokrmy, ryby nebo lehk\u00e9 masov\u00e9 speciality.<\/p>","protected":false},"featured_media":1263,"comment_status":"closed","ping_status":"closed","template":"","meta":[],"product_cat":[34,48,42],"product_tag":[88,82,81,83],"class_list":{"0":"post-1262","1":"product","2":"type-product","3":"status-publish","4":"has-post-thumbnail","6":"product_cat-na-stoly","7":"product_cat-pribory","8":"product_cat-stoly","9":"product_tag-nuz","10":"product_tag-pribor","11":"product_tag-stolovani","12":"product_tag-vidlicka","13":"product_shipping_class-lehke-zbozi","15":"first","16":"instock","17":"taxable","18":"shipping-taxable","19":"purchasable","20":"product-type-simple"},"_links":{"self":[{"href":"https:\/\/www.rentalcompany.cz\/cs_cz\/wp-json\/wp\/v2\/product\/1262","targetHints":{"allow":["GET"]}}],"collection":[{"href":"https:\/\/www.rentalcompany.cz\/cs_cz\/wp-json\/wp\/v2\/product"}],"about":[{"href":"https:\/\/www.rentalcompany.cz\/cs_cz\/wp-json\/wp\/v2\/types\/product"}],"replies":[{"embeddable":true,"href":"https:\/\/www.rentalcompany.cz\/cs_cz\/wp-json\/wp\/v2\/comments?post=1262"}],"wp:featuredmedia":[{"embeddable":true,"href":"https:\/\/www.rentalcompany.cz\/cs_cz\/wp-json\/wp\/v2\/media\/1263"}],"wp:attachment":[{"href":"https:\/\/www.rentalcompany.cz\/cs_cz\/wp-json\/wp\/v2\/media?parent=1262"}],"wp:term":[{"taxonomy":"product_cat","embeddable":true,"href":"https:\/\/www.rentalcompany.cz\/cs_cz\/wp-json\/wp\/v2\/product_cat?post=1262"},{"taxonomy":"product_tag","embeddable":true,"href":"https:\/\/www.rentalcompany.cz\/cs_cz\/wp-json\/wp\/v2\/product_tag?post=1262"}],"curies":[{"name":"wp","href":"https:\/\/api.w.org\/{rel}","templated":true}]}}