{"id":1264,"date":"2025-08-21T17:11:19","date_gmt":"2025-08-21T15:11:19","guid":{"rendered":"https:\/\/www.rentalcompany.cz\/?post_type=product&#038;p=1264"},"modified":"2025-08-21T18:12:37","modified_gmt":"2025-08-21T16:12:37","slug":"polevkova-lzice-zlata-mat","status":"publish","type":"product","link":"https:\/\/www.rentalcompany.cz\/cs_cz\/produkt\/polevkova-lzice-zlata-mat\/","title":{"rendered":"Pol\u00e9vkov\u00e1 l\u017e\u00edce zlat\u00e1 mat"},"content":{"rendered":"","protected":false},"excerpt":{"rendered":"<p>Pol\u00e9vkov\u00e1 l\u017e\u00edce je z\u00e1kladn\u00ed sou\u010d\u00e1st p\u0159\u00edborov\u00e9 sady, ur\u010den\u00e1 p\u0159edev\u0161\u00edm ke konzumaci pol\u00e9vek a v\u00fdvar\u016f.<\/p>","protected":false},"featured_media":1265,"comment_status":"closed","ping_status":"closed","template":"","meta":[],"product_cat":[34,48,42],"product_tag":[115,116,82,81],"class_list":{"0":"post-1264","1":"product","2":"type-product","3":"status-publish","4":"has-post-thumbnail","6":"product_cat-na-stoly","7":"product_cat-pribory","8":"product_cat-stoly","9":"product_tag-lzice","10":"product_tag-polevka","11":"product_tag-pribor","12":"product_tag-stolovani","13":"product_shipping_class-lehke-zbozi","15":"first","16":"instock","17":"taxable","18":"shipping-taxable","19":"purchasable","20":"product-type-simple"},"_links":{"self":[{"href":"https:\/\/www.rentalcompany.cz\/cs_cz\/wp-json\/wp\/v2\/product\/1264","targetHints":{"allow":["GET"]}}],"collection":[{"href":"https:\/\/www.rentalcompany.cz\/cs_cz\/wp-json\/wp\/v2\/product"}],"about":[{"href":"https:\/\/www.rentalcompany.cz\/cs_cz\/wp-json\/wp\/v2\/types\/product"}],"replies":[{"embeddable":true,"href":"https:\/\/www.rentalcompany.cz\/cs_cz\/wp-json\/wp\/v2\/comments?post=1264"}],"wp:featuredmedia":[{"embeddable":true,"href":"https:\/\/www.rentalcompany.cz\/cs_cz\/wp-json\/wp\/v2\/media\/1265"}],"wp:attachment":[{"href":"https:\/\/www.rentalcompany.cz\/cs_cz\/wp-json\/wp\/v2\/media?parent=1264"}],"wp:term":[{"taxonomy":"product_cat","embeddable":true,"href":"https:\/\/www.rentalcompany.cz\/cs_cz\/wp-json\/wp\/v2\/product_cat?post=1264"},{"taxonomy":"product_tag","embeddable":true,"href":"https:\/\/www.rentalcompany.cz\/cs_cz\/wp-json\/wp\/v2\/product_tag?post=1264"}],"curies":[{"name":"wp","href":"https:\/\/api.w.org\/{rel}","templated":true}]}}