{"id":1268,"date":"2025-08-21T17:20:19","date_gmt":"2025-08-21T15:20:19","guid":{"rendered":"https:\/\/www.rentalcompany.cz\/?post_type=product&#038;p=1268"},"modified":"2025-08-21T17:24:58","modified_gmt":"2025-08-21T15:24:58","slug":"hlavni-chod-vidlicka-zlata-mat","status":"publish","type":"product","link":"https:\/\/www.rentalcompany.cz\/cs_cz\/produkt\/hlavni-chod-vidlicka-zlata-mat\/","title":{"rendered":"Hlavn\u00ed chod vidli\u010dka zlat\u00e1 mat"},"content":{"rendered":"","protected":false},"excerpt":{"rendered":"<p>Hlavn\u00ed chod vidli\u010dka je z\u00e1kladn\u00ed sou\u010d\u00e1st p\u0159\u00edborov\u00e9 sady, ur\u010den\u00fd ke konzumaci hlavn\u00edch j\u00eddel, zejm\u00e9na masa, ryb, zeleniny nebo t\u011bstovin.<\/p>","protected":false},"featured_media":1269,"comment_status":"closed","ping_status":"closed","template":"","meta":[],"product_cat":[34,48,42],"product_tag":[88,82,81,83],"class_list":{"0":"post-1268","1":"product","2":"type-product","3":"status-publish","4":"has-post-thumbnail","6":"product_cat-na-stoly","7":"product_cat-pribory","8":"product_cat-stoly","9":"product_tag-nuz","10":"product_tag-pribor","11":"product_tag-stolovani","12":"product_tag-vidlicka","13":"product_shipping_class-lehke-zbozi","15":"first","16":"instock","17":"taxable","18":"shipping-taxable","19":"purchasable","20":"product-type-simple"},"_links":{"self":[{"href":"https:\/\/www.rentalcompany.cz\/cs_cz\/wp-json\/wp\/v2\/product\/1268","targetHints":{"allow":["GET"]}}],"collection":[{"href":"https:\/\/www.rentalcompany.cz\/cs_cz\/wp-json\/wp\/v2\/product"}],"about":[{"href":"https:\/\/www.rentalcompany.cz\/cs_cz\/wp-json\/wp\/v2\/types\/product"}],"replies":[{"embeddable":true,"href":"https:\/\/www.rentalcompany.cz\/cs_cz\/wp-json\/wp\/v2\/comments?post=1268"}],"wp:featuredmedia":[{"embeddable":true,"href":"https:\/\/www.rentalcompany.cz\/cs_cz\/wp-json\/wp\/v2\/media\/1269"}],"wp:attachment":[{"href":"https:\/\/www.rentalcompany.cz\/cs_cz\/wp-json\/wp\/v2\/media?parent=1268"}],"wp:term":[{"taxonomy":"product_cat","embeddable":true,"href":"https:\/\/www.rentalcompany.cz\/cs_cz\/wp-json\/wp\/v2\/product_cat?post=1268"},{"taxonomy":"product_tag","embeddable":true,"href":"https:\/\/www.rentalcompany.cz\/cs_cz\/wp-json\/wp\/v2\/product_tag?post=1268"}],"curies":[{"name":"wp","href":"https:\/\/api.w.org\/{rel}","templated":true}]}}