{"id":1272,"date":"2025-08-21T17:43:33","date_gmt":"2025-08-21T15:43:33","guid":{"rendered":"https:\/\/www.rentalcompany.cz\/?post_type=product&#038;p=1272"},"modified":"2025-08-21T18:11:43","modified_gmt":"2025-08-21T16:11:43","slug":"dezertni-lzicka-zlata-mat","status":"publish","type":"product","link":"https:\/\/www.rentalcompany.cz\/cs_cz\/produkt\/dezertni-lzicka-zlata-mat\/","title":{"rendered":"Dezertn\u00ed l\u017ei\u010dka zlat\u00e1 mat"},"content":{"rendered":"","protected":false},"excerpt":{"rendered":"<p>Dezertn\u00ed vidli\u010dka je elegantn\u00ed a praktick\u00fd p\u0159\u00edbor ur\u010den\u00fd ke konzumaci sladk\u00fdch pokrm\u016f.<\/p>","protected":false},"featured_media":1273,"comment_status":"closed","ping_status":"closed","template":"","meta":[],"product_cat":[34,48,42],"product_tag":[113,82,81],"class_list":{"0":"post-1272","1":"product","2":"type-product","3":"status-publish","4":"has-post-thumbnail","6":"product_cat-na-stoly","7":"product_cat-pribory","8":"product_cat-stoly","9":"product_tag-lzicka","10":"product_tag-pribor","11":"product_tag-stolovani","12":"product_shipping_class-lehke-zbozi","14":"first","15":"instock","16":"taxable","17":"shipping-taxable","18":"purchasable","19":"product-type-simple"},"_links":{"self":[{"href":"https:\/\/www.rentalcompany.cz\/cs_cz\/wp-json\/wp\/v2\/product\/1272","targetHints":{"allow":["GET"]}}],"collection":[{"href":"https:\/\/www.rentalcompany.cz\/cs_cz\/wp-json\/wp\/v2\/product"}],"about":[{"href":"https:\/\/www.rentalcompany.cz\/cs_cz\/wp-json\/wp\/v2\/types\/product"}],"replies":[{"embeddable":true,"href":"https:\/\/www.rentalcompany.cz\/cs_cz\/wp-json\/wp\/v2\/comments?post=1272"}],"wp:featuredmedia":[{"embeddable":true,"href":"https:\/\/www.rentalcompany.cz\/cs_cz\/wp-json\/wp\/v2\/media\/1273"}],"wp:attachment":[{"href":"https:\/\/www.rentalcompany.cz\/cs_cz\/wp-json\/wp\/v2\/media?parent=1272"}],"wp:term":[{"taxonomy":"product_cat","embeddable":true,"href":"https:\/\/www.rentalcompany.cz\/cs_cz\/wp-json\/wp\/v2\/product_cat?post=1272"},{"taxonomy":"product_tag","embeddable":true,"href":"https:\/\/www.rentalcompany.cz\/cs_cz\/wp-json\/wp\/v2\/product_tag?post=1272"}],"curies":[{"name":"wp","href":"https:\/\/api.w.org\/{rel}","templated":true}]}}