{"id":1276,"date":"2025-08-21T17:52:40","date_gmt":"2025-08-21T15:52:40","guid":{"rendered":"https:\/\/www.rentalcompany.cz\/?post_type=product&#038;p=1276"},"modified":"2025-08-21T18:14:29","modified_gmt":"2025-08-21T16:14:29","slug":"couvert-nuz-med-maslovy","status":"publish","type":"product","link":"https:\/\/www.rentalcompany.cz\/cs_cz\/produkt\/couvert-nuz-med-maslovy\/","title":{"rendered":"Couvert n\u016f\u017e m\u011b\u010f (m\u00e1slov\u00fd)"},"content":{"rendered":"","protected":false},"excerpt":{"rendered":"<p>P\u0159edkrmov\u00fd n\u016f\u017e je p\u0159\u00edbor ur\u010den\u00fd ke konzumaci lehk\u00fdch j\u00eddel pod\u00e1van\u00fdch jako p\u0159edkrm.<\/p>","protected":false},"featured_media":0,"comment_status":"closed","ping_status":"closed","template":"","meta":[],"product_cat":[34,48,42],"product_tag":[114,88,82,81],"class_list":{"0":"post-1276","1":"product","2":"type-product","3":"status-publish","5":"product_cat-na-stoly","6":"product_cat-pribory","7":"product_cat-stoly","8":"product_tag-maslovy-nuz","9":"product_tag-nuz","10":"product_tag-pribor","11":"product_tag-stolovani","12":"product_shipping_class-lehke-zbozi","14":"first","15":"instock","16":"taxable","17":"shipping-taxable","18":"purchasable","19":"product-type-simple"},"_links":{"self":[{"href":"https:\/\/www.rentalcompany.cz\/cs_cz\/wp-json\/wp\/v2\/product\/1276","targetHints":{"allow":["GET"]}}],"collection":[{"href":"https:\/\/www.rentalcompany.cz\/cs_cz\/wp-json\/wp\/v2\/product"}],"about":[{"href":"https:\/\/www.rentalcompany.cz\/cs_cz\/wp-json\/wp\/v2\/types\/product"}],"replies":[{"embeddable":true,"href":"https:\/\/www.rentalcompany.cz\/cs_cz\/wp-json\/wp\/v2\/comments?post=1276"}],"wp:attachment":[{"href":"https:\/\/www.rentalcompany.cz\/cs_cz\/wp-json\/wp\/v2\/media?parent=1276"}],"wp:term":[{"taxonomy":"product_cat","embeddable":true,"href":"https:\/\/www.rentalcompany.cz\/cs_cz\/wp-json\/wp\/v2\/product_cat?post=1276"},{"taxonomy":"product_tag","embeddable":true,"href":"https:\/\/www.rentalcompany.cz\/cs_cz\/wp-json\/wp\/v2\/product_tag?post=1276"}],"curies":[{"name":"wp","href":"https:\/\/api.w.org\/{rel}","templated":true}]}}