{"id":1277,"date":"2025-08-21T17:54:16","date_gmt":"2025-08-21T15:54:16","guid":{"rendered":"https:\/\/www.rentalcompany.cz\/?post_type=product&#038;p=1277"},"modified":"2025-08-21T18:08:38","modified_gmt":"2025-08-21T16:08:38","slug":"polevkova-lzice-med","status":"publish","type":"product","link":"https:\/\/www.rentalcompany.cz\/cs_cz\/produkt\/polevkova-lzice-med\/","title":{"rendered":"Pol\u00e9vkov\u00e1 l\u017e\u00edce m\u011b\u010f"},"content":{"rendered":"","protected":false},"excerpt":{"rendered":"<p>Pol\u00e9vkov\u00e1 l\u017e\u00edce je z\u00e1kladn\u00ed sou\u010d\u00e1st stoln\u00edho p\u0159\u00edboru, ur\u010den\u00e1 p\u0159edev\u0161\u00edm ke konzumaci tekut\u00fdch j\u00eddel.<\/p>","protected":false},"featured_media":0,"comment_status":"closed","ping_status":"closed","template":"","meta":[],"product_cat":[34,48,42],"product_tag":[115,116,82,81],"class_list":{"0":"post-1277","1":"product","2":"type-product","3":"status-publish","5":"product_cat-na-stoly","6":"product_cat-pribory","7":"product_cat-stoly","8":"product_tag-lzice","9":"product_tag-polevka","10":"product_tag-pribor","11":"product_tag-stolovani","12":"product_shipping_class-lehke-zbozi","14":"first","15":"instock","16":"taxable","17":"shipping-taxable","18":"purchasable","19":"product-type-simple"},"_links":{"self":[{"href":"https:\/\/www.rentalcompany.cz\/cs_cz\/wp-json\/wp\/v2\/product\/1277","targetHints":{"allow":["GET"]}}],"collection":[{"href":"https:\/\/www.rentalcompany.cz\/cs_cz\/wp-json\/wp\/v2\/product"}],"about":[{"href":"https:\/\/www.rentalcompany.cz\/cs_cz\/wp-json\/wp\/v2\/types\/product"}],"replies":[{"embeddable":true,"href":"https:\/\/www.rentalcompany.cz\/cs_cz\/wp-json\/wp\/v2\/comments?post=1277"}],"wp:attachment":[{"href":"https:\/\/www.rentalcompany.cz\/cs_cz\/wp-json\/wp\/v2\/media?parent=1277"}],"wp:term":[{"taxonomy":"product_cat","embeddable":true,"href":"https:\/\/www.rentalcompany.cz\/cs_cz\/wp-json\/wp\/v2\/product_cat?post=1277"},{"taxonomy":"product_tag","embeddable":true,"href":"https:\/\/www.rentalcompany.cz\/cs_cz\/wp-json\/wp\/v2\/product_tag?post=1277"}],"curies":[{"name":"wp","href":"https:\/\/api.w.org\/{rel}","templated":true}]}}