{"id":1280,"date":"2025-08-21T18:01:43","date_gmt":"2025-08-21T16:01:43","guid":{"rendered":"https:\/\/www.rentalcompany.cz\/?post_type=product&#038;p=1280"},"modified":"2025-08-21T18:07:19","modified_gmt":"2025-08-21T16:07:19","slug":"hlavni-chod-nuz-med","status":"publish","type":"product","link":"https:\/\/www.rentalcompany.cz\/cs_cz\/produkt\/hlavni-chod-nuz-med\/","title":{"rendered":"Hlavn\u00ed chod n\u016f\u017e m\u011b\u010f"},"content":{"rendered":"","protected":false},"excerpt":{"rendered":"<p>N\u016f\u017e na hlavn\u00ed chod je z\u00e1kladn\u00ed p\u0159\u00edbor ur\u010den\u00fd ke konzumaci hlavn\u00edch j\u00eddel, jako jsou maso, ryby, zelenina nebo t\u011bstoviny.<\/p>","protected":false},"featured_media":0,"comment_status":"closed","ping_status":"closed","template":"","meta":[],"product_cat":[34,48,42],"product_tag":[88,82,81],"class_list":{"0":"post-1280","1":"product","2":"type-product","3":"status-publish","5":"product_cat-na-stoly","6":"product_cat-pribory","7":"product_cat-stoly","8":"product_tag-nuz","9":"product_tag-pribor","10":"product_tag-stolovani","11":"product_shipping_class-lehke-zbozi","13":"first","14":"instock","15":"taxable","16":"shipping-taxable","17":"purchasable","18":"product-type-simple"},"_links":{"self":[{"href":"https:\/\/www.rentalcompany.cz\/cs_cz\/wp-json\/wp\/v2\/product\/1280","targetHints":{"allow":["GET"]}}],"collection":[{"href":"https:\/\/www.rentalcompany.cz\/cs_cz\/wp-json\/wp\/v2\/product"}],"about":[{"href":"https:\/\/www.rentalcompany.cz\/cs_cz\/wp-json\/wp\/v2\/types\/product"}],"replies":[{"embeddable":true,"href":"https:\/\/www.rentalcompany.cz\/cs_cz\/wp-json\/wp\/v2\/comments?post=1280"}],"wp:attachment":[{"href":"https:\/\/www.rentalcompany.cz\/cs_cz\/wp-json\/wp\/v2\/media?parent=1280"}],"wp:term":[{"taxonomy":"product_cat","embeddable":true,"href":"https:\/\/www.rentalcompany.cz\/cs_cz\/wp-json\/wp\/v2\/product_cat?post=1280"},{"taxonomy":"product_tag","embeddable":true,"href":"https:\/\/www.rentalcompany.cz\/cs_cz\/wp-json\/wp\/v2\/product_tag?post=1280"}],"curies":[{"name":"wp","href":"https:\/\/api.w.org\/{rel}","templated":true}]}}