{"id":1281,"date":"2025-08-21T18:03:11","date_gmt":"2025-08-21T16:03:11","guid":{"rendered":"https:\/\/www.rentalcompany.cz\/?post_type=product&#038;p=1281"},"modified":"2025-08-21T18:06:45","modified_gmt":"2025-08-21T16:06:45","slug":"dezertni-vidlicka-med","status":"publish","type":"product","link":"https:\/\/www.rentalcompany.cz\/cs_cz\/produkt\/dezertni-vidlicka-med\/","title":{"rendered":"Dezertn\u00ed vidli\u010dka m\u011b\u010f"},"content":{"rendered":"","protected":false},"excerpt":{"rendered":"","protected":false},"featured_media":0,"comment_status":"closed","ping_status":"closed","template":"","meta":[],"product_cat":[34,48,42],"product_tag":[82,81,83],"class_list":{"0":"post-1281","1":"product","2":"type-product","3":"status-publish","5":"product_cat-na-stoly","6":"product_cat-pribory","7":"product_cat-stoly","8":"product_tag-pribor","9":"product_tag-stolovani","10":"product_tag-vidlicka","11":"product_shipping_class-lehke-zbozi","13":"first","14":"instock","15":"taxable","16":"shipping-taxable","17":"purchasable","18":"product-type-simple"},"_links":{"self":[{"href":"https:\/\/www.rentalcompany.cz\/cs_cz\/wp-json\/wp\/v2\/product\/1281","targetHints":{"allow":["GET"]}}],"collection":[{"href":"https:\/\/www.rentalcompany.cz\/cs_cz\/wp-json\/wp\/v2\/product"}],"about":[{"href":"https:\/\/www.rentalcompany.cz\/cs_cz\/wp-json\/wp\/v2\/types\/product"}],"replies":[{"embeddable":true,"href":"https:\/\/www.rentalcompany.cz\/cs_cz\/wp-json\/wp\/v2\/comments?post=1281"}],"wp:attachment":[{"href":"https:\/\/www.rentalcompany.cz\/cs_cz\/wp-json\/wp\/v2\/media?parent=1281"}],"wp:term":[{"taxonomy":"product_cat","embeddable":true,"href":"https:\/\/www.rentalcompany.cz\/cs_cz\/wp-json\/wp\/v2\/product_cat?post=1281"},{"taxonomy":"product_tag","embeddable":true,"href":"https:\/\/www.rentalcompany.cz\/cs_cz\/wp-json\/wp\/v2\/product_tag?post=1281"}],"curies":[{"name":"wp","href":"https:\/\/api.w.org\/{rel}","templated":true}]}}