{"id":1290,"date":"2026-01-20T18:10:45","date_gmt":"2026-01-20T17:10:45","guid":{"rendered":"https:\/\/www.rentalcompany.cz\/?post_type=product&#038;p=1290"},"modified":"2026-02-24T13:14:33","modified_gmt":"2026-02-24T12:14:33","slug":"podkladovy-talir-se-stribrou-linkou-copy","status":"publish","type":"product","link":"https:\/\/www.rentalcompany.cz\/cs_cz\/produkt\/podkladovy-talir-se-stribrou-linkou-copy\/","title":{"rendered":"Podkladov\u00fd tal\u00ed\u0159 se st\u0159\u00edbrnou linkou"},"content":{"rendered":"","protected":false},"excerpt":{"rendered":"<p>Podkladov\u00fd tal\u00ed\u0159 (dekorativn\u00ed, charger plate) se st\u0159\u00edbrnou linkou. Slou\u017e\u00ed jako luxusn\u00ed n\u00e1hrada klasick\u00e9ho prost\u00edr\u00e1n\u00ed. Tal\u00ed\u0159 nen\u00ed ur\u010den\u00fd pro konzumaci, j\u00eddla, ale k dekorativn\u00edm \u00fa\u010del\u016fm. D\u00edky podkladov\u00e9mu tal\u00ed\u0159i m\u016f\u017eete posunout design sv\u00e9 svatebn\u00ed nebo eventov\u00e9 tabule je\u0161t\u011b o level v\u00fd\u0161.<\/p>","protected":false},"featured_media":1635,"comment_status":"closed","ping_status":"closed","template":"","meta":[],"product_cat":[15],"product_tag":[55,81,119,117],"class_list":{"0":"post-1290","1":"product","2":"type-product","3":"status-publish","4":"has-post-thumbnail","6":"product_cat-nezarazene","7":"product_tag-sklo","8":"product_tag-stolovani","9":"product_tag-stribrna","10":"product_tag-talir","12":"first","13":"instock","14":"taxable","15":"shipping-taxable","16":"purchasable","17":"product-type-simple"},"_links":{"self":[{"href":"https:\/\/www.rentalcompany.cz\/cs_cz\/wp-json\/wp\/v2\/product\/1290","targetHints":{"allow":["GET"]}}],"collection":[{"href":"https:\/\/www.rentalcompany.cz\/cs_cz\/wp-json\/wp\/v2\/product"}],"about":[{"href":"https:\/\/www.rentalcompany.cz\/cs_cz\/wp-json\/wp\/v2\/types\/product"}],"replies":[{"embeddable":true,"href":"https:\/\/www.rentalcompany.cz\/cs_cz\/wp-json\/wp\/v2\/comments?post=1290"}],"wp:featuredmedia":[{"embeddable":true,"href":"https:\/\/www.rentalcompany.cz\/cs_cz\/wp-json\/wp\/v2\/media\/1635"}],"wp:attachment":[{"href":"https:\/\/www.rentalcompany.cz\/cs_cz\/wp-json\/wp\/v2\/media?parent=1290"}],"wp:term":[{"taxonomy":"product_cat","embeddable":true,"href":"https:\/\/www.rentalcompany.cz\/cs_cz\/wp-json\/wp\/v2\/product_cat?post=1290"},{"taxonomy":"product_tag","embeddable":true,"href":"https:\/\/www.rentalcompany.cz\/cs_cz\/wp-json\/wp\/v2\/product_tag?post=1290"}],"curies":[{"name":"wp","href":"https:\/\/api.w.org\/{rel}","templated":true}]}}