{"id":1295,"date":"2026-02-06T15:58:36","date_gmt":"2026-02-06T14:58:36","guid":{"rendered":"https:\/\/www.rentalcompany.cz\/?post_type=product&#038;p=1295"},"modified":"2026-02-24T10:57:31","modified_gmt":"2026-02-24T09:57:31","slug":"podkladovy-talir-zlaty-list","status":"publish","type":"product","link":"https:\/\/www.rentalcompany.cz\/cs_cz\/produkt\/podkladovy-talir-zlaty-list\/","title":{"rendered":"Podkladov\u00fd tal\u00ed\u0159 zlat\u00fd list"},"content":{"rendered":"","protected":false},"excerpt":{"rendered":"<p>Podkladov\u00fd tal\u00ed\u0159 (dekorativn\u00ed, charger plate). Zdoben\u00fd zlat\u00fd list. Slou\u017e\u00ed jako luxusn\u00ed n\u00e1hrada klasick\u00e9ho prost\u00edr\u00e1n\u00ed. Tal\u00ed\u0159 nen\u00ed ur\u010den\u00fd pro konzumaci, j\u00eddla, ale k dekorativn\u00edm \u00fa\u010del\u016fm. D\u00edky podkladov\u00e9mu tal\u00ed\u0159i m\u016f\u017eete posunout design sv\u00e9 svatebn\u00ed nebo eventov\u00e9 tabule je\u0161t\u011b o level v\u00fd\u0161.<\/p>\n<p>Pr\u016fm\u011br vnit\u0159n\u00ed strany tal\u00ed\u0159 21 cm, celkov\u00fd pr\u016fm\u011br tal\u00ed\u0159e 34cm.<\/p>\n<p>&nbsp;<\/p>","protected":false},"featured_media":1622,"comment_status":"closed","ping_status":"closed","template":"","meta":[],"product_cat":[15,34,47],"product_tag":[55,81,117,118],"class_list":{"0":"post-1295","1":"product","2":"type-product","3":"status-publish","4":"has-post-thumbnail","6":"product_cat-nezarazene","7":"product_cat-na-stoly","8":"product_cat-talire","9":"product_tag-sklo","10":"product_tag-stolovani","11":"product_tag-talir","12":"product_tag-zlata","14":"first","15":"instock","16":"taxable","17":"shipping-taxable","18":"purchasable","19":"product-type-simple"},"_links":{"self":[{"href":"https:\/\/www.rentalcompany.cz\/cs_cz\/wp-json\/wp\/v2\/product\/1295","targetHints":{"allow":["GET"]}}],"collection":[{"href":"https:\/\/www.rentalcompany.cz\/cs_cz\/wp-json\/wp\/v2\/product"}],"about":[{"href":"https:\/\/www.rentalcompany.cz\/cs_cz\/wp-json\/wp\/v2\/types\/product"}],"replies":[{"embeddable":true,"href":"https:\/\/www.rentalcompany.cz\/cs_cz\/wp-json\/wp\/v2\/comments?post=1295"}],"wp:featuredmedia":[{"embeddable":true,"href":"https:\/\/www.rentalcompany.cz\/cs_cz\/wp-json\/wp\/v2\/media\/1622"}],"wp:attachment":[{"href":"https:\/\/www.rentalcompany.cz\/cs_cz\/wp-json\/wp\/v2\/media?parent=1295"}],"wp:term":[{"taxonomy":"product_cat","embeddable":true,"href":"https:\/\/www.rentalcompany.cz\/cs_cz\/wp-json\/wp\/v2\/product_cat?post=1295"},{"taxonomy":"product_tag","embeddable":true,"href":"https:\/\/www.rentalcompany.cz\/cs_cz\/wp-json\/wp\/v2\/product_tag?post=1295"}],"curies":[{"name":"wp","href":"https:\/\/api.w.org\/{rel}","templated":true}]}}