{"id":1300,"date":"2026-02-06T16:19:30","date_gmt":"2026-02-06T15:19:30","guid":{"rendered":"https:\/\/www.rentalcompany.cz\/?post_type=product&#038;p=1300"},"modified":"2026-02-24T11:06:23","modified_gmt":"2026-02-24T10:06:23","slug":"talir-predkrmovy-dezertni-keramicky-se-zlatou-linkou","status":"publish","type":"product","link":"https:\/\/www.rentalcompany.cz\/cs_cz\/produkt\/talir-predkrmovy-dezertni-keramicky-se-zlatou-linkou\/","title":{"rendered":"Tal\u00ed\u0159 p\u0159edkrmov\u00fd\/ dezertn\u00ed kameninov\u00fd zelen\u00e9 kv\u011bty"},"content":{"rendered":"","protected":false},"excerpt":{"rendered":"<p>P\u0159edkrmov\u00fd\/dezertn\u00ed tal\u00ed\u0159 je men\u0161\u00ed m\u011blk\u00fd tal\u00ed\u0159 ur\u010den\u00fd k serv\u00edrov\u00e1n\u00ed studen\u00fdch i tepl\u00fdch pokrm\u016f a dezert\u016f. Slou\u017e\u00ed k serv\u00edrov\u00e1n\u00ed sladk\u00fdch te\u010dek, mou\u010dn\u00edk\u016f, s\u00fdr\u016f nebo ovoce na z\u00e1v\u011br menu. Pr\u016fm\u011br tal\u00ed\u0159e 21,5 cm.<\/p>\n<p>&nbsp;<\/p>\n<p>&nbsp;<\/p>","protected":false},"featured_media":1624,"comment_status":"closed","ping_status":"closed","template":"","meta":[],"product_cat":[15,34,47],"product_tag":[121,55,81,117,122],"class_list":{"0":"post-1300","1":"product","2":"type-product","3":"status-publish","4":"has-post-thumbnail","6":"product_cat-nezarazene","7":"product_cat-na-stoly","8":"product_cat-talire","9":"product_tag-kamenina","10":"product_tag-sklo","11":"product_tag-stolovani","12":"product_tag-talir","13":"product_tag-zelena","15":"first","16":"instock","17":"taxable","18":"shipping-taxable","19":"purchasable","20":"product-type-simple"},"_links":{"self":[{"href":"https:\/\/www.rentalcompany.cz\/cs_cz\/wp-json\/wp\/v2\/product\/1300","targetHints":{"allow":["GET"]}}],"collection":[{"href":"https:\/\/www.rentalcompany.cz\/cs_cz\/wp-json\/wp\/v2\/product"}],"about":[{"href":"https:\/\/www.rentalcompany.cz\/cs_cz\/wp-json\/wp\/v2\/types\/product"}],"replies":[{"embeddable":true,"href":"https:\/\/www.rentalcompany.cz\/cs_cz\/wp-json\/wp\/v2\/comments?post=1300"}],"wp:featuredmedia":[{"embeddable":true,"href":"https:\/\/www.rentalcompany.cz\/cs_cz\/wp-json\/wp\/v2\/media\/1624"}],"wp:attachment":[{"href":"https:\/\/www.rentalcompany.cz\/cs_cz\/wp-json\/wp\/v2\/media?parent=1300"}],"wp:term":[{"taxonomy":"product_cat","embeddable":true,"href":"https:\/\/www.rentalcompany.cz\/cs_cz\/wp-json\/wp\/v2\/product_cat?post=1300"},{"taxonomy":"product_tag","embeddable":true,"href":"https:\/\/www.rentalcompany.cz\/cs_cz\/wp-json\/wp\/v2\/product_tag?post=1300"}],"curies":[{"name":"wp","href":"https:\/\/api.w.org\/{rel}","templated":true}]}}