{"id":1301,"date":"2026-02-09T09:31:54","date_gmt":"2026-02-09T08:31:54","guid":{"rendered":"https:\/\/www.rentalcompany.cz\/?post_type=product&#038;p=1301"},"modified":"2026-02-24T12:56:44","modified_gmt":"2026-02-24T11:56:44","slug":"talir-polevkovy-zelene-kvety","status":"publish","type":"product","link":"https:\/\/www.rentalcompany.cz\/cs_cz\/produkt\/talir-polevkovy-zelene-kvety\/","title":{"rendered":"Tal\u00ed\u0159 pol\u00e9vkov\u00fd kameninov\u00fd zelen\u00e9 kv\u011bty"},"content":{"rendered":"","protected":false},"excerpt":{"rendered":"<p>Pol\u00e9vkov\u00fd tal\u00ed\u0159 je hlubok\u00fd tal\u00ed\u0159 o pr\u016fm\u011bru 23 cm ur\u010den\u00fd k serv\u00edrov\u00e1n\u00ed pol\u00e9vek, v\u00fdvar\u016f ale i t\u011bstovin a sal\u00e1t\u016f.<\/p>\n<p>&nbsp;<\/p>\n<p>&nbsp;<\/p>\n<p>&nbsp;<\/p>","protected":false},"featured_media":1632,"comment_status":"closed","ping_status":"closed","template":"","meta":[],"product_cat":[15,34,47],"product_tag":[121,123,55,81,117,122],"class_list":{"0":"post-1301","1":"product","2":"type-product","3":"status-publish","4":"has-post-thumbnail","6":"product_cat-nezarazene","7":"product_cat-na-stoly","8":"product_cat-talire","9":"product_tag-kamenina","10":"product_tag-polevkovy","11":"product_tag-sklo","12":"product_tag-stolovani","13":"product_tag-talir","14":"product_tag-zelena","16":"first","17":"instock","18":"taxable","19":"shipping-taxable","20":"purchasable","21":"product-type-simple"},"_links":{"self":[{"href":"https:\/\/www.rentalcompany.cz\/cs_cz\/wp-json\/wp\/v2\/product\/1301","targetHints":{"allow":["GET"]}}],"collection":[{"href":"https:\/\/www.rentalcompany.cz\/cs_cz\/wp-json\/wp\/v2\/product"}],"about":[{"href":"https:\/\/www.rentalcompany.cz\/cs_cz\/wp-json\/wp\/v2\/types\/product"}],"replies":[{"embeddable":true,"href":"https:\/\/www.rentalcompany.cz\/cs_cz\/wp-json\/wp\/v2\/comments?post=1301"}],"wp:featuredmedia":[{"embeddable":true,"href":"https:\/\/www.rentalcompany.cz\/cs_cz\/wp-json\/wp\/v2\/media\/1632"}],"wp:attachment":[{"href":"https:\/\/www.rentalcompany.cz\/cs_cz\/wp-json\/wp\/v2\/media?parent=1301"}],"wp:term":[{"taxonomy":"product_cat","embeddable":true,"href":"https:\/\/www.rentalcompany.cz\/cs_cz\/wp-json\/wp\/v2\/product_cat?post=1301"},{"taxonomy":"product_tag","embeddable":true,"href":"https:\/\/www.rentalcompany.cz\/cs_cz\/wp-json\/wp\/v2\/product_tag?post=1301"}],"curies":[{"name":"wp","href":"https:\/\/api.w.org\/{rel}","templated":true}]}}