{"id":1302,"date":"2026-02-09T09:40:49","date_gmt":"2026-02-09T08:40:49","guid":{"rendered":"https:\/\/www.rentalcompany.cz\/?post_type=product&#038;p=1302"},"modified":"2026-02-24T11:08:00","modified_gmt":"2026-02-24T10:08:00","slug":"talir-na-hlavni-chod-zelene-kvety","status":"publish","type":"product","link":"https:\/\/www.rentalcompany.cz\/cs_cz\/produkt\/talir-na-hlavni-chod-zelene-kvety\/","title":{"rendered":"Tal\u00ed\u0159 na hlavn\u00ed chod kameninov\u00fd zelen\u00e9 kv\u011bty"},"content":{"rendered":"","protected":false},"excerpt":{"rendered":"<p>Tal\u00ed\u0159 na hlavn\u00ed chod, kameninov\u00fd o pr\u016fm\u011bru 27 cm se zelen\u00fdmi kv\u011bty.<\/p>\n<p>&nbsp;<\/p>\n<p>&nbsp;<\/p>\n<p>&nbsp;<\/p>","protected":false},"featured_media":1625,"comment_status":"closed","ping_status":"closed","template":"","meta":[],"product_cat":[15,34,47],"product_tag":[124,121,55,81,117,122],"class_list":{"0":"post-1302","1":"product","2":"type-product","3":"status-publish","4":"has-post-thumbnail","6":"product_cat-nezarazene","7":"product_cat-na-stoly","8":"product_cat-talire","9":"product_tag-hlavni-chod","10":"product_tag-kamenina","11":"product_tag-sklo","12":"product_tag-stolovani","13":"product_tag-talir","14":"product_tag-zelena","16":"first","17":"instock","18":"taxable","19":"shipping-taxable","20":"purchasable","21":"product-type-simple"},"_links":{"self":[{"href":"https:\/\/www.rentalcompany.cz\/cs_cz\/wp-json\/wp\/v2\/product\/1302","targetHints":{"allow":["GET"]}}],"collection":[{"href":"https:\/\/www.rentalcompany.cz\/cs_cz\/wp-json\/wp\/v2\/product"}],"about":[{"href":"https:\/\/www.rentalcompany.cz\/cs_cz\/wp-json\/wp\/v2\/types\/product"}],"replies":[{"embeddable":true,"href":"https:\/\/www.rentalcompany.cz\/cs_cz\/wp-json\/wp\/v2\/comments?post=1302"}],"wp:featuredmedia":[{"embeddable":true,"href":"https:\/\/www.rentalcompany.cz\/cs_cz\/wp-json\/wp\/v2\/media\/1625"}],"wp:attachment":[{"href":"https:\/\/www.rentalcompany.cz\/cs_cz\/wp-json\/wp\/v2\/media?parent=1302"}],"wp:term":[{"taxonomy":"product_cat","embeddable":true,"href":"https:\/\/www.rentalcompany.cz\/cs_cz\/wp-json\/wp\/v2\/product_cat?post=1302"},{"taxonomy":"product_tag","embeddable":true,"href":"https:\/\/www.rentalcompany.cz\/cs_cz\/wp-json\/wp\/v2\/product_tag?post=1302"}],"curies":[{"name":"wp","href":"https:\/\/api.w.org\/{rel}","templated":true}]}}