{"id":1309,"date":"2026-02-09T10:42:32","date_gmt":"2026-02-09T09:42:32","guid":{"rendered":"https:\/\/www.rentalcompany.cz\/?post_type=product&#038;p=1309"},"modified":"2026-02-24T11:11:51","modified_gmt":"2026-02-24T10:11:51","slug":"talir-couvert-kameninovy-zelene-kvety","status":"publish","type":"product","link":"https:\/\/www.rentalcompany.cz\/cs_cz\/produkt\/talir-couvert-kameninovy-zelene-kvety\/","title":{"rendered":"Tal\u00ed\u0159 couvert kameninov\u00fd zelen\u00e9 kv\u011bty"},"content":{"rendered":"","protected":false},"excerpt":{"rendered":"<p>Couvert tal\u00ed\u0159ek, neboli tal\u00ed\u0159 na pe\u010divo. Pr\u016fm\u011br tal\u00ed\u0159e 16 cm.<\/p>\n<p>&nbsp;<\/p>\n<p>&nbsp;<\/p>\n<p>&nbsp;<\/p>","protected":false},"featured_media":1626,"comment_status":"closed","ping_status":"closed","template":"","meta":[],"product_cat":[15,34,47],"product_tag":[121,55,81,117,122],"class_list":{"0":"post-1309","1":"product","2":"type-product","3":"status-publish","4":"has-post-thumbnail","6":"product_cat-nezarazene","7":"product_cat-na-stoly","8":"product_cat-talire","9":"product_tag-kamenina","10":"product_tag-sklo","11":"product_tag-stolovani","12":"product_tag-talir","13":"product_tag-zelena","15":"first","16":"instock","17":"taxable","18":"shipping-taxable","19":"purchasable","20":"product-type-simple"},"_links":{"self":[{"href":"https:\/\/www.rentalcompany.cz\/cs_cz\/wp-json\/wp\/v2\/product\/1309","targetHints":{"allow":["GET"]}}],"collection":[{"href":"https:\/\/www.rentalcompany.cz\/cs_cz\/wp-json\/wp\/v2\/product"}],"about":[{"href":"https:\/\/www.rentalcompany.cz\/cs_cz\/wp-json\/wp\/v2\/types\/product"}],"replies":[{"embeddable":true,"href":"https:\/\/www.rentalcompany.cz\/cs_cz\/wp-json\/wp\/v2\/comments?post=1309"}],"wp:featuredmedia":[{"embeddable":true,"href":"https:\/\/www.rentalcompany.cz\/cs_cz\/wp-json\/wp\/v2\/media\/1626"}],"wp:attachment":[{"href":"https:\/\/www.rentalcompany.cz\/cs_cz\/wp-json\/wp\/v2\/media?parent=1309"}],"wp:term":[{"taxonomy":"product_cat","embeddable":true,"href":"https:\/\/www.rentalcompany.cz\/cs_cz\/wp-json\/wp\/v2\/product_cat?post=1309"},{"taxonomy":"product_tag","embeddable":true,"href":"https:\/\/www.rentalcompany.cz\/cs_cz\/wp-json\/wp\/v2\/product_tag?post=1309"}],"curies":[{"name":"wp","href":"https:\/\/api.w.org\/{rel}","templated":true}]}}