{"id":1310,"date":"2026-02-09T10:50:41","date_gmt":"2026-02-09T09:50:41","guid":{"rendered":"https:\/\/www.rentalcompany.cz\/?post_type=product&#038;p=1310"},"modified":"2026-02-24T12:46:32","modified_gmt":"2026-02-24T11:46:32","slug":"talir-podkladovy-keramicky-bily-se-zlatou-linkou","status":"publish","type":"product","link":"https:\/\/www.rentalcompany.cz\/cs_cz\/produkt\/talir-podkladovy-keramicky-bily-se-zlatou-linkou\/","title":{"rendered":"Tal\u00ed\u0159 podkladov\u00fd keramick\u00fd b\u00edl\u00fd se zlatou linkou"},"content":{"rendered":"","protected":false},"excerpt":{"rendered":"<p>Podkladov\u00fd tal\u00ed\u0159\u00a0<em class=\"eujQNb\" data-complete=\"true\" data-processed=\"true\">charger plate<\/em> slou\u017e\u00ed jako d\u016fle\u017eit\u00fd dekorativn\u00ed a funk\u010dn\u00ed prvek p\u0159i slavnostn\u00edm a form\u00e1ln\u00edm stolov\u00e1n\u00ed.<\/p>\n<p>&nbsp;<\/p>\n<p>&nbsp;<\/p>","protected":false},"featured_media":1628,"comment_status":"closed","ping_status":"closed","template":"","meta":[],"product_cat":[15,34,47],"product_tag":[127,81,117],"class_list":{"0":"post-1310","1":"product","2":"type-product","3":"status-publish","4":"has-post-thumbnail","6":"product_cat-nezarazene","7":"product_cat-na-stoly","8":"product_cat-talire","9":"product_tag-keramika","10":"product_tag-stolovani","11":"product_tag-talir","13":"first","14":"instock","15":"taxable","16":"shipping-taxable","17":"purchasable","18":"product-type-simple"},"_links":{"self":[{"href":"https:\/\/www.rentalcompany.cz\/cs_cz\/wp-json\/wp\/v2\/product\/1310","targetHints":{"allow":["GET"]}}],"collection":[{"href":"https:\/\/www.rentalcompany.cz\/cs_cz\/wp-json\/wp\/v2\/product"}],"about":[{"href":"https:\/\/www.rentalcompany.cz\/cs_cz\/wp-json\/wp\/v2\/types\/product"}],"replies":[{"embeddable":true,"href":"https:\/\/www.rentalcompany.cz\/cs_cz\/wp-json\/wp\/v2\/comments?post=1310"}],"wp:featuredmedia":[{"embeddable":true,"href":"https:\/\/www.rentalcompany.cz\/cs_cz\/wp-json\/wp\/v2\/media\/1628"}],"wp:attachment":[{"href":"https:\/\/www.rentalcompany.cz\/cs_cz\/wp-json\/wp\/v2\/media?parent=1310"}],"wp:term":[{"taxonomy":"product_cat","embeddable":true,"href":"https:\/\/www.rentalcompany.cz\/cs_cz\/wp-json\/wp\/v2\/product_cat?post=1310"},{"taxonomy":"product_tag","embeddable":true,"href":"https:\/\/www.rentalcompany.cz\/cs_cz\/wp-json\/wp\/v2\/product_tag?post=1310"}],"curies":[{"name":"wp","href":"https:\/\/api.w.org\/{rel}","templated":true}]}}