{"id":1311,"date":"2026-02-09T10:56:45","date_gmt":"2026-02-09T09:56:45","guid":{"rendered":"https:\/\/www.rentalcompany.cz\/?post_type=product&#038;p=1311"},"modified":"2026-02-24T12:49:06","modified_gmt":"2026-02-24T11:49:06","slug":"talir-predkrmovy-dezertni-keramicky","status":"publish","type":"product","link":"https:\/\/www.rentalcompany.cz\/cs_cz\/produkt\/talir-predkrmovy-dezertni-keramicky\/","title":{"rendered":"Tal\u00ed\u0159 p\u0159edkrmov\u00fd\/dezertn\u00ed keramick\u00fd b\u00edl\u00fd se zlatou linkou"},"content":{"rendered":"","protected":false},"excerpt":{"rendered":"<p>P\u0159edkrmov\u00fd\/ dezertn\u00ed tal\u00ed\u0159 je men\u0161\u00ed m\u011blk\u00fd tal\u00ed\u0159, kter\u00fd se pou\u017e\u00edv\u00e1 k serv\u00edrov\u00e1n\u00ed pokrm\u016f zahajuj\u00edc\u00edch menu, tak dezert\u016f a mou\u010dn\u00edk\u016f. Pr\u016fm\u011br 22 cm.<\/p>\n<p>&nbsp;<\/p>\n<p>&nbsp;<\/p>\n<p>&nbsp;<\/p>\n<p>&nbsp;<\/p>","protected":false},"featured_media":1630,"comment_status":"closed","ping_status":"closed","template":"","meta":[],"product_cat":[15,34,47],"product_tag":[127,81,117],"class_list":{"0":"post-1311","1":"product","2":"type-product","3":"status-publish","4":"has-post-thumbnail","6":"product_cat-nezarazene","7":"product_cat-na-stoly","8":"product_cat-talire","9":"product_tag-keramika","10":"product_tag-stolovani","11":"product_tag-talir","13":"first","14":"instock","15":"taxable","16":"shipping-taxable","17":"purchasable","18":"product-type-simple"},"_links":{"self":[{"href":"https:\/\/www.rentalcompany.cz\/cs_cz\/wp-json\/wp\/v2\/product\/1311","targetHints":{"allow":["GET"]}}],"collection":[{"href":"https:\/\/www.rentalcompany.cz\/cs_cz\/wp-json\/wp\/v2\/product"}],"about":[{"href":"https:\/\/www.rentalcompany.cz\/cs_cz\/wp-json\/wp\/v2\/types\/product"}],"replies":[{"embeddable":true,"href":"https:\/\/www.rentalcompany.cz\/cs_cz\/wp-json\/wp\/v2\/comments?post=1311"}],"wp:featuredmedia":[{"embeddable":true,"href":"https:\/\/www.rentalcompany.cz\/cs_cz\/wp-json\/wp\/v2\/media\/1630"}],"wp:attachment":[{"href":"https:\/\/www.rentalcompany.cz\/cs_cz\/wp-json\/wp\/v2\/media?parent=1311"}],"wp:term":[{"taxonomy":"product_cat","embeddable":true,"href":"https:\/\/www.rentalcompany.cz\/cs_cz\/wp-json\/wp\/v2\/product_cat?post=1311"},{"taxonomy":"product_tag","embeddable":true,"href":"https:\/\/www.rentalcompany.cz\/cs_cz\/wp-json\/wp\/v2\/product_tag?post=1311"}],"curies":[{"name":"wp","href":"https:\/\/api.w.org\/{rel}","templated":true}]}}