{"id":1314,"date":"2026-02-09T11:12:32","date_gmt":"2026-02-09T10:12:32","guid":{"rendered":"https:\/\/www.rentalcompany.cz\/?post_type=product&#038;p=1314"},"modified":"2026-02-24T12:52:56","modified_gmt":"2026-02-24T11:52:56","slug":"talir-couvert-keramicky-bily-se-zlatou-linkou","status":"publish","type":"product","link":"https:\/\/www.rentalcompany.cz\/cs_cz\/produkt\/talir-couvert-keramicky-bily-se-zlatou-linkou\/","title":{"rendered":"Tal\u00ed\u0159 couvert keramick\u00fd b\u00edl\u00fd se zlatou linkou"},"content":{"rendered":"","protected":false},"excerpt":{"rendered":"<p>Couvert tal\u00ed\u0159ek neboli tal\u00ed\u0159 na pe\u010divo. Slou\u017e\u00ed prim\u00e1rn\u011b k odkl\u00e1d\u00e1n\u00ed pe\u010diva a m\u00e1sla (nebo mal\u00fdch porc\u00ed pomaz\u00e1nek, oliv). Pe\u010divo se z n\u011bj konzumuje, netrh\u00e1 se nad hlavn\u00edm tal\u00ed\u0159em ani se neodkl\u00e1d\u00e1 p\u0159\u00edmo na ubrus. Zakl\u00e1d\u00e1 se vlevo naho\u0159e nad hlavn\u00edm (m\u011blk\u00fdm) tal\u00ed\u0159em, obvykle nad vidli\u010dkami nebo sm\u011brem k okraji stolu.<\/p>\n<p>&nbsp;<\/p>\n<p>&nbsp;<\/p>\n<p>&nbsp;<\/p>\n<p>&nbsp;<\/p>","protected":false},"featured_media":1631,"comment_status":"closed","ping_status":"closed","template":"","meta":[],"product_cat":[15,34,47],"product_tag":[126,127,81,117],"class_list":{"0":"post-1314","1":"product","2":"type-product","3":"status-publish","4":"has-post-thumbnail","6":"product_cat-nezarazene","7":"product_cat-na-stoly","8":"product_cat-talire","9":"product_tag-couvert","10":"product_tag-keramika","11":"product_tag-stolovani","12":"product_tag-talir","14":"first","15":"instock","16":"taxable","17":"shipping-taxable","18":"purchasable","19":"product-type-simple"},"_links":{"self":[{"href":"https:\/\/www.rentalcompany.cz\/cs_cz\/wp-json\/wp\/v2\/product\/1314","targetHints":{"allow":["GET"]}}],"collection":[{"href":"https:\/\/www.rentalcompany.cz\/cs_cz\/wp-json\/wp\/v2\/product"}],"about":[{"href":"https:\/\/www.rentalcompany.cz\/cs_cz\/wp-json\/wp\/v2\/types\/product"}],"replies":[{"embeddable":true,"href":"https:\/\/www.rentalcompany.cz\/cs_cz\/wp-json\/wp\/v2\/comments?post=1314"}],"wp:featuredmedia":[{"embeddable":true,"href":"https:\/\/www.rentalcompany.cz\/cs_cz\/wp-json\/wp\/v2\/media\/1631"}],"wp:attachment":[{"href":"https:\/\/www.rentalcompany.cz\/cs_cz\/wp-json\/wp\/v2\/media?parent=1314"}],"wp:term":[{"taxonomy":"product_cat","embeddable":true,"href":"https:\/\/www.rentalcompany.cz\/cs_cz\/wp-json\/wp\/v2\/product_cat?post=1314"},{"taxonomy":"product_tag","embeddable":true,"href":"https:\/\/www.rentalcompany.cz\/cs_cz\/wp-json\/wp\/v2\/product_tag?post=1314"}],"curies":[{"name":"wp","href":"https:\/\/api.w.org\/{rel}","templated":true}]}}