{"id":1316,"date":"2026-02-09T11:32:33","date_gmt":"2026-02-09T10:32:33","guid":{"rendered":"https:\/\/www.rentalcompany.cz\/?post_type=product&#038;p=1316"},"modified":"2026-02-09T11:37:15","modified_gmt":"2026-02-09T10:37:15","slug":"ratanova-podlozka","status":"publish","type":"product","link":"https:\/\/www.rentalcompany.cz\/cs_cz\/produkt\/ratanova-podlozka\/","title":{"rendered":"Ratanov\u00e1 podlo\u017eka"},"content":{"rendered":"","protected":false},"excerpt":{"rendered":"<p>Ratanov\u00e1 podlo\u017eka slou\u017e\u00ed jako prost\u00edr\u00e1n\u00ed, pr\u016fm\u011br 38 cm.<\/p>\n<p>&nbsp;<\/p>\n<p>&nbsp;<\/p>\n<p>&nbsp;<\/p>\n<p>&nbsp;<\/p>","protected":false},"featured_media":0,"comment_status":"closed","ping_status":"closed","template":"","meta":[],"product_cat":[15,34,47],"product_tag":[129,81],"class_list":{"0":"post-1316","1":"product","2":"type-product","3":"status-publish","5":"product_cat-nezarazene","6":"product_cat-na-stoly","7":"product_cat-talire","8":"product_tag-prostirani","9":"product_tag-stolovani","11":"first","12":"instock","13":"taxable","14":"shipping-taxable","15":"purchasable","16":"product-type-simple"},"_links":{"self":[{"href":"https:\/\/www.rentalcompany.cz\/cs_cz\/wp-json\/wp\/v2\/product\/1316","targetHints":{"allow":["GET"]}}],"collection":[{"href":"https:\/\/www.rentalcompany.cz\/cs_cz\/wp-json\/wp\/v2\/product"}],"about":[{"href":"https:\/\/www.rentalcompany.cz\/cs_cz\/wp-json\/wp\/v2\/types\/product"}],"replies":[{"embeddable":true,"href":"https:\/\/www.rentalcompany.cz\/cs_cz\/wp-json\/wp\/v2\/comments?post=1316"}],"wp:attachment":[{"href":"https:\/\/www.rentalcompany.cz\/cs_cz\/wp-json\/wp\/v2\/media?parent=1316"}],"wp:term":[{"taxonomy":"product_cat","embeddable":true,"href":"https:\/\/www.rentalcompany.cz\/cs_cz\/wp-json\/wp\/v2\/product_cat?post=1316"},{"taxonomy":"product_tag","embeddable":true,"href":"https:\/\/www.rentalcompany.cz\/cs_cz\/wp-json\/wp\/v2\/product_tag?post=1316"}],"curies":[{"name":"wp","href":"https:\/\/api.w.org\/{rel}","templated":true}]}}