{"id":1317,"date":"2026-02-09T11:38:08","date_gmt":"2026-02-09T10:38:08","guid":{"rendered":"https:\/\/www.rentalcompany.cz\/?post_type=product&#038;p=1317"},"modified":"2026-02-23T15:07:27","modified_gmt":"2026-02-23T14:07:27","slug":"zidle-stribrna-svetle-modra","status":"publish","type":"product","link":"https:\/\/www.rentalcompany.cz\/cs_cz\/produkt\/zidle-stribrna-svetle-modra\/","title":{"rendered":"\u017didle kovov\u00e1 st\u0159\u00edbrn\u00e1 sv\u011btle modr\u00e1"},"content":{"rendered":"","protected":false},"excerpt":{"rendered":"<p>St\u0159\u00edbrn\u00e1 kovov\u00e1 \u017eidle. Sametov\u00fd podsed\u00e1k &#8211; v\u00edce barev. \u017didle se skl\u00e1d\u00e1 -op\u011brka na z\u00e1da, kostra \u017eidle a podsed\u00e1k.<\/p>\n<p>&nbsp;<\/p>\n<p>&nbsp;<\/p>\n<p>&nbsp;<\/p>\n<p>&nbsp;<\/p>\n<p>&nbsp;<\/p>","protected":false},"featured_media":1603,"comment_status":"closed","ping_status":"closed","template":"","meta":[],"product_cat":[33,41],"product_tag":[68,81,119,130],"class_list":{"0":"post-1317","1":"product","2":"type-product","3":"status-publish","4":"has-post-thumbnail","6":"product_cat-nabytek","7":"product_cat-zidle","8":"product_tag-nabytek","9":"product_tag-stolovani","10":"product_tag-stribrna","11":"product_tag-zidle","13":"first","14":"instock","15":"taxable","16":"shipping-taxable","17":"purchasable","18":"product-type-simple"},"_links":{"self":[{"href":"https:\/\/www.rentalcompany.cz\/cs_cz\/wp-json\/wp\/v2\/product\/1317","targetHints":{"allow":["GET"]}}],"collection":[{"href":"https:\/\/www.rentalcompany.cz\/cs_cz\/wp-json\/wp\/v2\/product"}],"about":[{"href":"https:\/\/www.rentalcompany.cz\/cs_cz\/wp-json\/wp\/v2\/types\/product"}],"replies":[{"embeddable":true,"href":"https:\/\/www.rentalcompany.cz\/cs_cz\/wp-json\/wp\/v2\/comments?post=1317"}],"wp:featuredmedia":[{"embeddable":true,"href":"https:\/\/www.rentalcompany.cz\/cs_cz\/wp-json\/wp\/v2\/media\/1603"}],"wp:attachment":[{"href":"https:\/\/www.rentalcompany.cz\/cs_cz\/wp-json\/wp\/v2\/media?parent=1317"}],"wp:term":[{"taxonomy":"product_cat","embeddable":true,"href":"https:\/\/www.rentalcompany.cz\/cs_cz\/wp-json\/wp\/v2\/product_cat?post=1317"},{"taxonomy":"product_tag","embeddable":true,"href":"https:\/\/www.rentalcompany.cz\/cs_cz\/wp-json\/wp\/v2\/product_tag?post=1317"}],"curies":[{"name":"wp","href":"https:\/\/api.w.org\/{rel}","templated":true}]}}