{"id":1321,"date":"2026-02-09T15:08:26","date_gmt":"2026-02-09T14:08:26","guid":{"rendered":"https:\/\/www.rentalcompany.cz\/?post_type=product&#038;p=1321"},"modified":"2026-02-09T15:14:28","modified_gmt":"2026-02-09T14:14:28","slug":"krouzek-na-ubrousek-zlaty","status":"publish","type":"product","link":"https:\/\/www.rentalcompany.cz\/cs_cz\/produkt\/krouzek-na-ubrousek-zlaty\/","title":{"rendered":"Krou\u017eek na ubrousek zlat\u00fd"},"content":{"rendered":"<p><img fetchpriority=\"high\" decoding=\"async\" class=\"alignnone size-medium wp-image-1322\" src=\"http:\/\/www.rentalcompany.cz\/wp-content\/uploads\/2026\/02\/Vzorove-pozadi-2000x2000-pyl-web-2025-08-08T143820.011-300x300.jpg\" alt=\"\" width=\"300\" height=\"300\" srcset=\"https:\/\/www.rentalcompany.cz\/wp-content\/uploads\/2026\/02\/Vzorove-pozadi-2000x2000-pyl-web-2025-08-08T143820.011-300x300.jpg 300w, https:\/\/www.rentalcompany.cz\/wp-content\/uploads\/2026\/02\/Vzorove-pozadi-2000x2000-pyl-web-2025-08-08T143820.011-1024x1024.jpg 1024w, https:\/\/www.rentalcompany.cz\/wp-content\/uploads\/2026\/02\/Vzorove-pozadi-2000x2000-pyl-web-2025-08-08T143820.011-150x150.jpg 150w, https:\/\/www.rentalcompany.cz\/wp-content\/uploads\/2026\/02\/Vzorove-pozadi-2000x2000-pyl-web-2025-08-08T143820.011-768x768.jpg 768w, https:\/\/www.rentalcompany.cz\/wp-content\/uploads\/2026\/02\/Vzorove-pozadi-2000x2000-pyl-web-2025-08-08T143820.011-1536x1536.jpg 1536w, https:\/\/www.rentalcompany.cz\/wp-content\/uploads\/2026\/02\/Vzorove-pozadi-2000x2000-pyl-web-2025-08-08T143820.011-12x12.jpg 12w, https:\/\/www.rentalcompany.cz\/wp-content\/uploads\/2026\/02\/Vzorove-pozadi-2000x2000-pyl-web-2025-08-08T143820.011-600x600.jpg 600w, https:\/\/www.rentalcompany.cz\/wp-content\/uploads\/2026\/02\/Vzorove-pozadi-2000x2000-pyl-web-2025-08-08T143820.011-100x100.jpg 100w, https:\/\/www.rentalcompany.cz\/wp-content\/uploads\/2026\/02\/Vzorove-pozadi-2000x2000-pyl-web-2025-08-08T143820.011.jpg 2000w\" sizes=\"(max-width: 300px) 100vw, 300px\" \/><\/p>","protected":false},"excerpt":{"rendered":"<p>Krou\u017eek na ubrousek je dekorativn\u00ed i praktick\u00fd dopln\u011bk stolov\u00e1n\u00ed, kter\u00fd slou\u017e\u00ed k \u00fahledn\u00e9mu sepnut\u00ed l\u00e1tkov\u00e9ho ubrousku.<\/p>\n<p>&nbsp;<\/p>\n<p>&nbsp;<\/p>\n<p>&nbsp;<\/p>\n<p>&nbsp;<\/p>\n<p>&nbsp;<\/p>","protected":false},"featured_media":1322,"comment_status":"closed","ping_status":"closed","template":"","meta":[],"product_cat":[34,51],"product_tag":[131,81,119],"class_list":{"0":"post-1321","1":"product","2":"type-product","3":"status-publish","4":"has-post-thumbnail","6":"product_cat-na-stoly","7":"product_cat-krouzky-na-ubrousky","8":"product_tag-perla","9":"product_tag-stolovani","10":"product_tag-stribrna","12":"first","13":"instock","14":"taxable","15":"shipping-taxable","16":"purchasable","17":"product-type-simple"},"_links":{"self":[{"href":"https:\/\/www.rentalcompany.cz\/cs_cz\/wp-json\/wp\/v2\/product\/1321","targetHints":{"allow":["GET"]}}],"collection":[{"href":"https:\/\/www.rentalcompany.cz\/cs_cz\/wp-json\/wp\/v2\/product"}],"about":[{"href":"https:\/\/www.rentalcompany.cz\/cs_cz\/wp-json\/wp\/v2\/types\/product"}],"replies":[{"embeddable":true,"href":"https:\/\/www.rentalcompany.cz\/cs_cz\/wp-json\/wp\/v2\/comments?post=1321"}],"wp:featuredmedia":[{"embeddable":true,"href":"https:\/\/www.rentalcompany.cz\/cs_cz\/wp-json\/wp\/v2\/media\/1322"}],"wp:attachment":[{"href":"https:\/\/www.rentalcompany.cz\/cs_cz\/wp-json\/wp\/v2\/media?parent=1321"}],"wp:term":[{"taxonomy":"product_cat","embeddable":true,"href":"https:\/\/www.rentalcompany.cz\/cs_cz\/wp-json\/wp\/v2\/product_cat?post=1321"},{"taxonomy":"product_tag","embeddable":true,"href":"https:\/\/www.rentalcompany.cz\/cs_cz\/wp-json\/wp\/v2\/product_tag?post=1321"}],"curies":[{"name":"wp","href":"https:\/\/api.w.org\/{rel}","templated":true}]}}