{"id":1326,"date":"2026-02-09T15:24:54","date_gmt":"2026-02-09T14:24:54","guid":{"rendered":"https:\/\/www.rentalcompany.cz\/?post_type=product&#038;p=1326"},"modified":"2026-02-09T15:28:30","modified_gmt":"2026-02-09T14:28:30","slug":"krouzek-na-ubrousek-matny-zlaty","status":"publish","type":"product","link":"https:\/\/www.rentalcompany.cz\/cs_cz\/produkt\/krouzek-na-ubrousek-matny-zlaty\/","title":{"rendered":"Krou\u017eek na ubrousek matn\u00fd zlat\u00fd"},"content":{"rendered":"","protected":false},"excerpt":{"rendered":"<p>Krou\u017eek na ubrousek je dekorativn\u00ed i praktick\u00fd dopln\u011bk stolov\u00e1n\u00ed, kter\u00fd slou\u017e\u00ed k \u00fahledn\u00e9mu sepnut\u00ed l\u00e1tkov\u00e9ho ubrousku.<\/p>\n<p>&nbsp;<\/p>\n<p>&nbsp;<\/p>\n<p>&nbsp;<\/p>\n<p>&nbsp;<\/p>\n<p>&nbsp;<\/p>","protected":false},"featured_media":0,"comment_status":"closed","ping_status":"closed","template":"","meta":[],"product_cat":[34,51],"product_tag":[131,81,119],"class_list":{"0":"post-1326","1":"product","2":"type-product","3":"status-publish","5":"product_cat-na-stoly","6":"product_cat-krouzky-na-ubrousky","7":"product_tag-perla","8":"product_tag-stolovani","9":"product_tag-stribrna","11":"first","12":"instock","13":"taxable","14":"shipping-taxable","15":"purchasable","16":"product-type-simple"},"_links":{"self":[{"href":"https:\/\/www.rentalcompany.cz\/cs_cz\/wp-json\/wp\/v2\/product\/1326","targetHints":{"allow":["GET"]}}],"collection":[{"href":"https:\/\/www.rentalcompany.cz\/cs_cz\/wp-json\/wp\/v2\/product"}],"about":[{"href":"https:\/\/www.rentalcompany.cz\/cs_cz\/wp-json\/wp\/v2\/types\/product"}],"replies":[{"embeddable":true,"href":"https:\/\/www.rentalcompany.cz\/cs_cz\/wp-json\/wp\/v2\/comments?post=1326"}],"wp:attachment":[{"href":"https:\/\/www.rentalcompany.cz\/cs_cz\/wp-json\/wp\/v2\/media?parent=1326"}],"wp:term":[{"taxonomy":"product_cat","embeddable":true,"href":"https:\/\/www.rentalcompany.cz\/cs_cz\/wp-json\/wp\/v2\/product_cat?post=1326"},{"taxonomy":"product_tag","embeddable":true,"href":"https:\/\/www.rentalcompany.cz\/cs_cz\/wp-json\/wp\/v2\/product_tag?post=1326"}],"curies":[{"name":"wp","href":"https:\/\/api.w.org\/{rel}","templated":true}]}}