{"id":1329,"date":"2026-02-09T15:42:03","date_gmt":"2026-02-09T14:42:03","guid":{"rendered":"https:\/\/www.rentalcompany.cz\/?post_type=product&#038;p=1329"},"modified":"2026-02-09T16:18:07","modified_gmt":"2026-02-09T15:18:07","slug":"sklenicka-z-rovneho-skla","status":"publish","type":"product","link":"https:\/\/www.rentalcompany.cz\/cs_cz\/produkt\/sklenicka-z-rovneho-skla\/","title":{"rendered":"Skleni\u010dka z rovn\u00e9ho skla"},"content":{"rendered":"","protected":false},"excerpt":{"rendered":"<p>Skleni\u010dka z krystal\u00ednu. Objem 390 ml. V\u00e1ha 130 g.<\/p>\n<p>&nbsp;<\/p>\n<p>&nbsp;<\/p>\n<p>&nbsp;<\/p>\n<p>&nbsp;<\/p>\n<p>&nbsp;<\/p>","protected":false},"featured_media":0,"comment_status":"closed","ping_status":"closed","template":"","meta":[],"product_cat":[34],"product_tag":[55,81],"class_list":{"0":"post-1329","1":"product","2":"type-product","3":"status-publish","5":"product_cat-na-stoly","6":"product_tag-sklo","7":"product_tag-stolovani","9":"first","10":"instock","11":"taxable","12":"shipping-taxable","13":"purchasable","14":"product-type-simple"},"_links":{"self":[{"href":"https:\/\/www.rentalcompany.cz\/cs_cz\/wp-json\/wp\/v2\/product\/1329","targetHints":{"allow":["GET"]}}],"collection":[{"href":"https:\/\/www.rentalcompany.cz\/cs_cz\/wp-json\/wp\/v2\/product"}],"about":[{"href":"https:\/\/www.rentalcompany.cz\/cs_cz\/wp-json\/wp\/v2\/types\/product"}],"replies":[{"embeddable":true,"href":"https:\/\/www.rentalcompany.cz\/cs_cz\/wp-json\/wp\/v2\/comments?post=1329"}],"wp:attachment":[{"href":"https:\/\/www.rentalcompany.cz\/cs_cz\/wp-json\/wp\/v2\/media?parent=1329"}],"wp:term":[{"taxonomy":"product_cat","embeddable":true,"href":"https:\/\/www.rentalcompany.cz\/cs_cz\/wp-json\/wp\/v2\/product_cat?post=1329"},{"taxonomy":"product_tag","embeddable":true,"href":"https:\/\/www.rentalcompany.cz\/cs_cz\/wp-json\/wp\/v2\/product_tag?post=1329"}],"curies":[{"name":"wp","href":"https:\/\/api.w.org\/{rel}","templated":true}]}}