{"id":1332,"date":"2026-02-09T16:09:59","date_gmt":"2026-02-09T15:09:59","guid":{"rendered":"https:\/\/www.rentalcompany.cz\/?post_type=product&#038;p=1332"},"modified":"2026-02-09T16:14:47","modified_gmt":"2026-02-09T15:14:47","slug":"sklenicka-na-champagne-vez","status":"publish","type":"product","link":"https:\/\/www.rentalcompany.cz\/cs_cz\/produkt\/sklenicka-na-champagne-vez\/","title":{"rendered":"Skleni\u010dka na champagne v\u011b\u017e"},"content":{"rendered":"","protected":false},"excerpt":{"rendered":"<p>Skleni\u010dky, ze kter\u00fdch se d\u00e1 postavit champagne v\u011b\u017e.<\/p>\n<p>&nbsp;<\/p>\n<p>&nbsp;<\/p>\n<p>&nbsp;<\/p>\n<p>&nbsp;<\/p>\n<p>&nbsp;<\/p>","protected":false},"featured_media":0,"comment_status":"closed","ping_status":"closed","template":"","meta":[],"product_cat":[34,49],"product_tag":[55,81],"class_list":{"0":"post-1332","1":"product","2":"type-product","3":"status-publish","5":"product_cat-na-stoly","6":"product_cat-sklo","7":"product_tag-sklo","8":"product_tag-stolovani","10":"first","11":"instock","12":"taxable","13":"shipping-taxable","14":"purchasable","15":"product-type-simple"},"_links":{"self":[{"href":"https:\/\/www.rentalcompany.cz\/cs_cz\/wp-json\/wp\/v2\/product\/1332","targetHints":{"allow":["GET"]}}],"collection":[{"href":"https:\/\/www.rentalcompany.cz\/cs_cz\/wp-json\/wp\/v2\/product"}],"about":[{"href":"https:\/\/www.rentalcompany.cz\/cs_cz\/wp-json\/wp\/v2\/types\/product"}],"replies":[{"embeddable":true,"href":"https:\/\/www.rentalcompany.cz\/cs_cz\/wp-json\/wp\/v2\/comments?post=1332"}],"wp:attachment":[{"href":"https:\/\/www.rentalcompany.cz\/cs_cz\/wp-json\/wp\/v2\/media?parent=1332"}],"wp:term":[{"taxonomy":"product_cat","embeddable":true,"href":"https:\/\/www.rentalcompany.cz\/cs_cz\/wp-json\/wp\/v2\/product_cat?post=1332"},{"taxonomy":"product_tag","embeddable":true,"href":"https:\/\/www.rentalcompany.cz\/cs_cz\/wp-json\/wp\/v2\/product_tag?post=1332"}],"curies":[{"name":"wp","href":"https:\/\/api.w.org\/{rel}","templated":true}]}}