{"id":1344,"date":"2026-02-11T13:29:32","date_gmt":"2026-02-11T12:29:32","guid":{"rendered":"https:\/\/www.rentalcompany.cz\/?post_type=product&#038;p=1344"},"modified":"2026-02-11T13:52:39","modified_gmt":"2026-02-11T12:52:39","slug":"svicka-led-konicka-bezova-39-cm","status":"publish","type":"product","link":"https:\/\/www.rentalcompany.cz\/cs_cz\/produkt\/svicka-led-konicka-bezova-39-cm\/","title":{"rendered":"Sv\u00ed\u010dka LED k\u00f3nick\u00e1 b\u00e9\u017eov\u00e1 39 cm"},"content":{"rendered":"","protected":false},"excerpt":{"rendered":"<p>Sv\u00ed\u010dka b\u00e9\u017eov\u00e1 IVORY 39 cm, imitace plamene, realistick\u00fd vzhled, na baterky 2x AAA, funguje na ovlada\u010d.<\/p>\n<p>&nbsp;<\/p>\n<p>&nbsp;<\/p>\n<p>&nbsp;<\/p>\n<p>&nbsp;<\/p>\n<p>&nbsp;<\/p>","protected":false},"featured_media":0,"comment_status":"closed","ping_status":"closed","template":"","meta":[],"product_cat":[34,38],"product_tag":[81,132],"class_list":{"0":"post-1344","1":"product","2":"type-product","3":"status-publish","5":"product_cat-na-stoly","6":"product_cat-svitky","7":"product_tag-stolovani","8":"product_tag-svicka","10":"first","11":"instock","12":"taxable","13":"shipping-taxable","14":"purchasable","15":"product-type-simple"},"_links":{"self":[{"href":"https:\/\/www.rentalcompany.cz\/cs_cz\/wp-json\/wp\/v2\/product\/1344","targetHints":{"allow":["GET"]}}],"collection":[{"href":"https:\/\/www.rentalcompany.cz\/cs_cz\/wp-json\/wp\/v2\/product"}],"about":[{"href":"https:\/\/www.rentalcompany.cz\/cs_cz\/wp-json\/wp\/v2\/types\/product"}],"replies":[{"embeddable":true,"href":"https:\/\/www.rentalcompany.cz\/cs_cz\/wp-json\/wp\/v2\/comments?post=1344"}],"wp:attachment":[{"href":"https:\/\/www.rentalcompany.cz\/cs_cz\/wp-json\/wp\/v2\/media?parent=1344"}],"wp:term":[{"taxonomy":"product_cat","embeddable":true,"href":"https:\/\/www.rentalcompany.cz\/cs_cz\/wp-json\/wp\/v2\/product_cat?post=1344"},{"taxonomy":"product_tag","embeddable":true,"href":"https:\/\/www.rentalcompany.cz\/cs_cz\/wp-json\/wp\/v2\/product_tag?post=1344"}],"curies":[{"name":"wp","href":"https:\/\/api.w.org\/{rel}","templated":true}]}}