{"id":1346,"date":"2026-02-11T13:32:51","date_gmt":"2026-02-11T12:32:51","guid":{"rendered":"https:\/\/www.rentalcompany.cz\/?post_type=product&#038;p=1346"},"modified":"2026-02-11T14:15:31","modified_gmt":"2026-02-11T13:15:31","slug":"svicka-led-konicka-hneda-39-cm-nude","status":"publish","type":"product","link":"https:\/\/www.rentalcompany.cz\/cs_cz\/produkt\/svicka-led-konicka-hneda-39-cm-nude\/","title":{"rendered":"Sv\u00ed\u010dka LED k\u00f3nick\u00e1 hn\u011bd\u00e1 39 cm NUDE"},"content":{"rendered":"","protected":false},"excerpt":{"rendered":"<p>Sv\u00ed\u010dka hn\u011bd\u00e1 NUDE 39 cm, imitace plamene, realistick\u00fd vzhled, na baterky 2x AAA, funguje na ovlada\u010d.<\/p>\n<p>&nbsp;<\/p>\n<p>&nbsp;<\/p>\n<p>&nbsp;<\/p>\n<p>&nbsp;<\/p>\n<p>&nbsp;<\/p>","protected":false},"featured_media":0,"comment_status":"closed","ping_status":"closed","template":"","meta":[],"product_cat":[34,38],"product_tag":[81,132],"class_list":{"0":"post-1346","1":"product","2":"type-product","3":"status-publish","5":"product_cat-na-stoly","6":"product_cat-svitky","7":"product_tag-stolovani","8":"product_tag-svicka","10":"first","11":"instock","12":"taxable","13":"shipping-taxable","14":"purchasable","15":"product-type-simple"},"_links":{"self":[{"href":"https:\/\/www.rentalcompany.cz\/cs_cz\/wp-json\/wp\/v2\/product\/1346","targetHints":{"allow":["GET"]}}],"collection":[{"href":"https:\/\/www.rentalcompany.cz\/cs_cz\/wp-json\/wp\/v2\/product"}],"about":[{"href":"https:\/\/www.rentalcompany.cz\/cs_cz\/wp-json\/wp\/v2\/types\/product"}],"replies":[{"embeddable":true,"href":"https:\/\/www.rentalcompany.cz\/cs_cz\/wp-json\/wp\/v2\/comments?post=1346"}],"wp:attachment":[{"href":"https:\/\/www.rentalcompany.cz\/cs_cz\/wp-json\/wp\/v2\/media?parent=1346"}],"wp:term":[{"taxonomy":"product_cat","embeddable":true,"href":"https:\/\/www.rentalcompany.cz\/cs_cz\/wp-json\/wp\/v2\/product_cat?post=1346"},{"taxonomy":"product_tag","embeddable":true,"href":"https:\/\/www.rentalcompany.cz\/cs_cz\/wp-json\/wp\/v2\/product_tag?post=1346"}],"curies":[{"name":"wp","href":"https:\/\/api.w.org\/{rel}","templated":true}]}}