{"id":1349,"date":"2026-02-11T14:00:16","date_gmt":"2026-02-11T13:00:16","guid":{"rendered":"https:\/\/www.rentalcompany.cz\/?post_type=product&#038;p=1349"},"modified":"2026-02-11T14:46:17","modified_gmt":"2026-02-11T13:46:17","slug":"svicka-led-tubus-valec-mala","status":"publish","type":"product","link":"https:\/\/www.rentalcompany.cz\/cs_cz\/produkt\/svicka-led-tubus-valec-mala\/","title":{"rendered":"Sv\u00ed\u010dka LED tubus v\u00e1lec velk\u00e1"},"content":{"rendered":"","protected":false},"excerpt":{"rendered":"<p>Sv\u00ed\u010dka tubusov\u00e1 LED, imitace plamene, paraf\u00ednov\u00fd vosk, plam\u00ednek kmit\u00e1, 2x AA baterka, bez ovlada\u010de.<\/p>\n<p>&nbsp;<\/p>\n<p>&nbsp;<\/p>\n<p>&nbsp;<\/p>\n<p>&nbsp;<\/p>\n<p>&nbsp;<\/p>","protected":false},"featured_media":0,"comment_status":"closed","ping_status":"closed","template":"","meta":[],"product_cat":[34,38],"product_tag":[81,132],"class_list":{"0":"post-1349","1":"product","2":"type-product","3":"status-publish","5":"product_cat-na-stoly","6":"product_cat-svitky","7":"product_tag-stolovani","8":"product_tag-svicka","10":"first","11":"instock","12":"taxable","13":"shipping-taxable","14":"purchasable","15":"product-type-simple"},"_links":{"self":[{"href":"https:\/\/www.rentalcompany.cz\/cs_cz\/wp-json\/wp\/v2\/product\/1349","targetHints":{"allow":["GET"]}}],"collection":[{"href":"https:\/\/www.rentalcompany.cz\/cs_cz\/wp-json\/wp\/v2\/product"}],"about":[{"href":"https:\/\/www.rentalcompany.cz\/cs_cz\/wp-json\/wp\/v2\/types\/product"}],"replies":[{"embeddable":true,"href":"https:\/\/www.rentalcompany.cz\/cs_cz\/wp-json\/wp\/v2\/comments?post=1349"}],"wp:attachment":[{"href":"https:\/\/www.rentalcompany.cz\/cs_cz\/wp-json\/wp\/v2\/media?parent=1349"}],"wp:term":[{"taxonomy":"product_cat","embeddable":true,"href":"https:\/\/www.rentalcompany.cz\/cs_cz\/wp-json\/wp\/v2\/product_cat?post=1349"},{"taxonomy":"product_tag","embeddable":true,"href":"https:\/\/www.rentalcompany.cz\/cs_cz\/wp-json\/wp\/v2\/product_tag?post=1349"}],"curies":[{"name":"wp","href":"https:\/\/api.w.org\/{rel}","templated":true}]}}