{"id":1354,"date":"2026-02-11T14:59:03","date_gmt":"2026-02-11T13:59:03","guid":{"rendered":"https:\/\/www.rentalcompany.cz\/?post_type=product&#038;p=1354"},"modified":"2026-02-11T15:15:43","modified_gmt":"2026-02-11T14:15:43","slug":"kalisek-na-cajovou-svicku-arabeska-stribrna","status":"publish","type":"product","link":"https:\/\/www.rentalcompany.cz\/cs_cz\/produkt\/kalisek-na-cajovou-svicku-arabeska-stribrna\/","title":{"rendered":"Kal\u00ed\u0161ek na \u010dajovou sv\u00ed\u010dku arabeska st\u0159\u00edbrn\u00e1"},"content":{"rendered":"<p><img fetchpriority=\"high\" decoding=\"async\" class=\"alignnone size-medium wp-image-1251\" src=\"http:\/\/www.rentalcompany.cz\/wp-content\/uploads\/2025\/08\/Kalisek-hnedy-semis-300x300.jpg\" alt=\"\" width=\"300\" height=\"300\" srcset=\"https:\/\/www.rentalcompany.cz\/wp-content\/uploads\/2025\/08\/Kalisek-hnedy-semis-300x300.jpg 300w, https:\/\/www.rentalcompany.cz\/wp-content\/uploads\/2025\/08\/Kalisek-hnedy-semis-1024x1024.jpg 1024w, https:\/\/www.rentalcompany.cz\/wp-content\/uploads\/2025\/08\/Kalisek-hnedy-semis-150x150.jpg 150w, https:\/\/www.rentalcompany.cz\/wp-content\/uploads\/2025\/08\/Kalisek-hnedy-semis-768x768.jpg 768w, https:\/\/www.rentalcompany.cz\/wp-content\/uploads\/2025\/08\/Kalisek-hnedy-semis-1536x1536.jpg 1536w, https:\/\/www.rentalcompany.cz\/wp-content\/uploads\/2025\/08\/Kalisek-hnedy-semis-12x12.jpg 12w, https:\/\/www.rentalcompany.cz\/wp-content\/uploads\/2025\/08\/Kalisek-hnedy-semis-600x600.jpg 600w, https:\/\/www.rentalcompany.cz\/wp-content\/uploads\/2025\/08\/Kalisek-hnedy-semis-100x100.jpg 100w, https:\/\/www.rentalcompany.cz\/wp-content\/uploads\/2025\/08\/Kalisek-hnedy-semis.jpg 2000w\" sizes=\"(max-width: 300px) 100vw, 300px\" \/><\/p>","protected":false},"excerpt":{"rendered":"<p>Kal\u00ed\u0161ek na \u010dajovou sv\u00ed\u010dku st\u0159\u00edbrn\u00e1 arabeska.<\/p>\n<p>&nbsp;<\/p>\n<p>&nbsp;<\/p>\n<p>&nbsp;<\/p>\n<p>&nbsp;<\/p>\n<p>&nbsp;<\/p>","protected":false},"featured_media":1251,"comment_status":"closed","ping_status":"closed","template":"","meta":[],"product_cat":[110,34,38],"product_tag":[133,81],"class_list":{"0":"post-1354","1":"product","2":"type-product","3":"status-publish","4":"has-post-thumbnail","6":"product_cat-kalisky","7":"product_cat-na-stoly","8":"product_cat-svitky","9":"product_tag-kalisek","10":"product_tag-stolovani","12":"first","13":"instock","14":"taxable","15":"shipping-taxable","16":"purchasable","17":"product-type-simple"},"_links":{"self":[{"href":"https:\/\/www.rentalcompany.cz\/cs_cz\/wp-json\/wp\/v2\/product\/1354","targetHints":{"allow":["GET"]}}],"collection":[{"href":"https:\/\/www.rentalcompany.cz\/cs_cz\/wp-json\/wp\/v2\/product"}],"about":[{"href":"https:\/\/www.rentalcompany.cz\/cs_cz\/wp-json\/wp\/v2\/types\/product"}],"replies":[{"embeddable":true,"href":"https:\/\/www.rentalcompany.cz\/cs_cz\/wp-json\/wp\/v2\/comments?post=1354"}],"wp:featuredmedia":[{"embeddable":true,"href":"https:\/\/www.rentalcompany.cz\/cs_cz\/wp-json\/wp\/v2\/media\/1251"}],"wp:attachment":[{"href":"https:\/\/www.rentalcompany.cz\/cs_cz\/wp-json\/wp\/v2\/media?parent=1354"}],"wp:term":[{"taxonomy":"product_cat","embeddable":true,"href":"https:\/\/www.rentalcompany.cz\/cs_cz\/wp-json\/wp\/v2\/product_cat?post=1354"},{"taxonomy":"product_tag","embeddable":true,"href":"https:\/\/www.rentalcompany.cz\/cs_cz\/wp-json\/wp\/v2\/product_tag?post=1354"}],"curies":[{"name":"wp","href":"https:\/\/api.w.org\/{rel}","templated":true}]}}