{"id":1365,"date":"2026-02-11T15:31:28","date_gmt":"2026-02-11T14:31:28","guid":{"rendered":"https:\/\/www.rentalcompany.cz\/?post_type=product&#038;p=1365"},"modified":"2026-02-11T15:33:53","modified_gmt":"2026-02-11T14:33:53","slug":"vaza-svicen-rose-gold-mala","status":"publish","type":"product","link":"https:\/\/www.rentalcompany.cz\/cs_cz\/produkt\/vaza-svicen-rose-gold-mala\/","title":{"rendered":"V\u00e1za\/ sv\u00edcen rose gold mal\u00e1"},"content":{"rendered":"","protected":false},"excerpt":{"rendered":"<p>Kal\u00ed\u0161ek na \u010dajovou sv\u00ed\u010dku st\u0159\u00edbrn\u00e1 arabeska.<\/p>\n<p>&nbsp;<\/p>\n<p>&nbsp;<\/p>\n<p>&nbsp;<\/p>\n<p>&nbsp;<\/p>\n<p>&nbsp;<\/p>","protected":false},"featured_media":1366,"comment_status":"closed","ping_status":"closed","template":"","meta":[],"product_cat":[110,34,38],"product_tag":[133,81],"class_list":{"0":"post-1365","1":"product","2":"type-product","3":"status-publish","4":"has-post-thumbnail","6":"product_cat-kalisky","7":"product_cat-na-stoly","8":"product_cat-svitky","9":"product_tag-kalisek","10":"product_tag-stolovani","12":"first","13":"instock","14":"taxable","15":"shipping-taxable","16":"purchasable","17":"product-type-simple"},"_links":{"self":[{"href":"https:\/\/www.rentalcompany.cz\/cs_cz\/wp-json\/wp\/v2\/product\/1365","targetHints":{"allow":["GET"]}}],"collection":[{"href":"https:\/\/www.rentalcompany.cz\/cs_cz\/wp-json\/wp\/v2\/product"}],"about":[{"href":"https:\/\/www.rentalcompany.cz\/cs_cz\/wp-json\/wp\/v2\/types\/product"}],"replies":[{"embeddable":true,"href":"https:\/\/www.rentalcompany.cz\/cs_cz\/wp-json\/wp\/v2\/comments?post=1365"}],"wp:featuredmedia":[{"embeddable":true,"href":"https:\/\/www.rentalcompany.cz\/cs_cz\/wp-json\/wp\/v2\/media\/1366"}],"wp:attachment":[{"href":"https:\/\/www.rentalcompany.cz\/cs_cz\/wp-json\/wp\/v2\/media?parent=1365"}],"wp:term":[{"taxonomy":"product_cat","embeddable":true,"href":"https:\/\/www.rentalcompany.cz\/cs_cz\/wp-json\/wp\/v2\/product_cat?post=1365"},{"taxonomy":"product_tag","embeddable":true,"href":"https:\/\/www.rentalcompany.cz\/cs_cz\/wp-json\/wp\/v2\/product_tag?post=1365"}],"curies":[{"name":"wp","href":"https:\/\/api.w.org\/{rel}","templated":true}]}}