{"id":1493,"date":"2026-02-16T10:40:28","date_gmt":"2026-02-16T09:40:28","guid":{"rendered":"https:\/\/www.rentalcompany.cz\/?post_type=product&#038;p=1493"},"modified":"2026-02-16T11:11:46","modified_gmt":"2026-02-16T10:11:46","slug":"ubrousek-lneny-pudrova-ruzova","status":"publish","type":"product","link":"https:\/\/www.rentalcompany.cz\/cs_cz\/produkt\/ubrousek-lneny-pudrova-ruzova\/","title":{"rendered":"Ubrousek ln\u011bn\u00fd pudrov\u00e1 r\u016f\u017eov\u00e1"},"content":{"rendered":"","protected":false},"excerpt":{"rendered":"<p>Ubrousek vyroben\u00fd ze lnu \u2013 p\u0159\u00edrodn\u00edho vl\u00e1kna zn\u00e1m\u00e9ho pro svou pevnost, eleganci a nad\u010dasovost<\/p>\n<p>P\u016fsob\u00ed p\u0159irozen\u011b, lehce rustik\u00e1ln\u011b, ale z\u00e1rove\u0148 velmi elegantn\u011b, luxusn\u00ed dojem.<\/p>\n<p>&nbsp;<\/p>\n<p>&nbsp;<\/p>\n<p>&nbsp;<\/p>\n<p>&nbsp;<\/p>\n<p>&nbsp;<\/p>","protected":false},"featured_media":1494,"comment_status":"closed","ping_status":"closed","template":"","meta":[],"product_cat":[34,53],"product_tag":[64,129,81],"class_list":{"0":"post-1493","1":"product","2":"type-product","3":"status-publish","4":"has-post-thumbnail","6":"product_cat-na-stoly","7":"product_cat-ubrousky","8":"product_tag-len","9":"product_tag-prostirani","10":"product_tag-stolovani","12":"first","13":"instock","14":"taxable","15":"shipping-taxable","16":"purchasable","17":"product-type-simple"},"_links":{"self":[{"href":"https:\/\/www.rentalcompany.cz\/cs_cz\/wp-json\/wp\/v2\/product\/1493","targetHints":{"allow":["GET"]}}],"collection":[{"href":"https:\/\/www.rentalcompany.cz\/cs_cz\/wp-json\/wp\/v2\/product"}],"about":[{"href":"https:\/\/www.rentalcompany.cz\/cs_cz\/wp-json\/wp\/v2\/types\/product"}],"replies":[{"embeddable":true,"href":"https:\/\/www.rentalcompany.cz\/cs_cz\/wp-json\/wp\/v2\/comments?post=1493"}],"wp:featuredmedia":[{"embeddable":true,"href":"https:\/\/www.rentalcompany.cz\/cs_cz\/wp-json\/wp\/v2\/media\/1494"}],"wp:attachment":[{"href":"https:\/\/www.rentalcompany.cz\/cs_cz\/wp-json\/wp\/v2\/media?parent=1493"}],"wp:term":[{"taxonomy":"product_cat","embeddable":true,"href":"https:\/\/www.rentalcompany.cz\/cs_cz\/wp-json\/wp\/v2\/product_cat?post=1493"},{"taxonomy":"product_tag","embeddable":true,"href":"https:\/\/www.rentalcompany.cz\/cs_cz\/wp-json\/wp\/v2\/product_tag?post=1493"}],"curies":[{"name":"wp","href":"https:\/\/api.w.org\/{rel}","templated":true}]}}