{"id":1496,"date":"2026-02-16T11:03:15","date_gmt":"2026-02-16T10:03:15","guid":{"rendered":"https:\/\/www.rentalcompany.cz\/?post_type=product&#038;p=1496"},"modified":"2026-02-16T11:10:33","modified_gmt":"2026-02-16T10:10:33","slug":"ubrousek-lneny-prirodni-copy","status":"publish","type":"product","link":"https:\/\/www.rentalcompany.cz\/cs_cz\/produkt\/ubrousek-lneny-prirodni-copy\/","title":{"rendered":"Ubrousek bavln\u011bn\u00fd olivov\u00fd"},"content":{"rendered":"","protected":false},"excerpt":{"rendered":"<p>Bavln\u011bn\u00fd ubrousek je klasick\u00fd kousek stoln\u00edho textilu, kter\u00fd je obl\u00edben\u00fd pro svou jemnost, prakti\u010dnost a v\u0161estrannost.<\/p>\n<p>&nbsp;<\/p>\n<p>&nbsp;<\/p>\n<p>&nbsp;<\/p>\n<p>&nbsp;<\/p>\n<p>&nbsp;<\/p>\n<p>&nbsp;<\/p>","protected":false},"featured_media":1498,"comment_status":"closed","ping_status":"closed","template":"","meta":[],"product_cat":[34,53],"product_tag":[138,139,129,81],"class_list":{"0":"post-1496","1":"product","2":"type-product","3":"status-publish","4":"has-post-thumbnail","6":"product_cat-na-stoly","7":"product_cat-ubrousky","8":"product_tag-bavlna","9":"product_tag-olivova","10":"product_tag-prostirani","11":"product_tag-stolovani","13":"first","14":"instock","15":"taxable","16":"shipping-taxable","17":"purchasable","18":"product-type-simple"},"_links":{"self":[{"href":"https:\/\/www.rentalcompany.cz\/cs_cz\/wp-json\/wp\/v2\/product\/1496","targetHints":{"allow":["GET"]}}],"collection":[{"href":"https:\/\/www.rentalcompany.cz\/cs_cz\/wp-json\/wp\/v2\/product"}],"about":[{"href":"https:\/\/www.rentalcompany.cz\/cs_cz\/wp-json\/wp\/v2\/types\/product"}],"replies":[{"embeddable":true,"href":"https:\/\/www.rentalcompany.cz\/cs_cz\/wp-json\/wp\/v2\/comments?post=1496"}],"wp:featuredmedia":[{"embeddable":true,"href":"https:\/\/www.rentalcompany.cz\/cs_cz\/wp-json\/wp\/v2\/media\/1498"}],"wp:attachment":[{"href":"https:\/\/www.rentalcompany.cz\/cs_cz\/wp-json\/wp\/v2\/media?parent=1496"}],"wp:term":[{"taxonomy":"product_cat","embeddable":true,"href":"https:\/\/www.rentalcompany.cz\/cs_cz\/wp-json\/wp\/v2\/product_cat?post=1496"},{"taxonomy":"product_tag","embeddable":true,"href":"https:\/\/www.rentalcompany.cz\/cs_cz\/wp-json\/wp\/v2\/product_tag?post=1496"}],"curies":[{"name":"wp","href":"https:\/\/api.w.org\/{rel}","templated":true}]}}