{"id":1521,"date":"2026-02-16T15:37:37","date_gmt":"2026-02-16T14:37:37","guid":{"rendered":"https:\/\/www.rentalcompany.cz\/?post_type=product&#038;p=1521"},"modified":"2026-02-16T15:55:55","modified_gmt":"2026-02-16T14:55:55","slug":"dreveny-maxi-sloupek-antique","status":"publish","type":"product","link":"https:\/\/www.rentalcompany.cz\/cs_cz\/produkt\/dreveny-maxi-sloupek-antique\/","title":{"rendered":"D\u0159ev\u011bn\u00fd maxi sloupek ANTIQUE"},"content":{"rendered":"","protected":false},"excerpt":{"rendered":"<p>&nbsp;<\/p>\n<p>&nbsp;<\/p>\n<p>&nbsp;<\/p>\n<p>&nbsp;<\/p>\n<p>&nbsp;<\/p>\n<p>&nbsp;<\/p>","protected":false},"featured_media":1523,"comment_status":"closed","ping_status":"closed","template":"","meta":[],"product_cat":[144,36],"product_tag":[134,66,143],"class_list":{"0":"post-1521","1":"product","2":"type-product","3":"status-publish","4":"has-post-thumbnail","6":"product_cat-stojany","7":"product_cat-konstrukce","8":"product_tag-bila","9":"product_tag-drevo","10":"product_tag-obrad","12":"first","13":"instock","14":"taxable","15":"shipping-taxable","16":"purchasable","17":"product-type-simple"},"_links":{"self":[{"href":"https:\/\/www.rentalcompany.cz\/cs_cz\/wp-json\/wp\/v2\/product\/1521","targetHints":{"allow":["GET"]}}],"collection":[{"href":"https:\/\/www.rentalcompany.cz\/cs_cz\/wp-json\/wp\/v2\/product"}],"about":[{"href":"https:\/\/www.rentalcompany.cz\/cs_cz\/wp-json\/wp\/v2\/types\/product"}],"replies":[{"embeddable":true,"href":"https:\/\/www.rentalcompany.cz\/cs_cz\/wp-json\/wp\/v2\/comments?post=1521"}],"wp:featuredmedia":[{"embeddable":true,"href":"https:\/\/www.rentalcompany.cz\/cs_cz\/wp-json\/wp\/v2\/media\/1523"}],"wp:attachment":[{"href":"https:\/\/www.rentalcompany.cz\/cs_cz\/wp-json\/wp\/v2\/media?parent=1521"}],"wp:term":[{"taxonomy":"product_cat","embeddable":true,"href":"https:\/\/www.rentalcompany.cz\/cs_cz\/wp-json\/wp\/v2\/product_cat?post=1521"},{"taxonomy":"product_tag","embeddable":true,"href":"https:\/\/www.rentalcompany.cz\/cs_cz\/wp-json\/wp\/v2\/product_tag?post=1521"}],"curies":[{"name":"wp","href":"https:\/\/api.w.org\/{rel}","templated":true}]}}