{"id":1527,"date":"2026-02-16T15:49:51","date_gmt":"2026-02-16T14:49:51","guid":{"rendered":"https:\/\/www.rentalcompany.cz\/?post_type=product&#038;p=1527"},"modified":"2026-02-16T15:56:31","modified_gmt":"2026-02-16T14:56:31","slug":"dreveny-sloupek-mangovy-velky","status":"publish","type":"product","link":"https:\/\/www.rentalcompany.cz\/cs_cz\/produkt\/dreveny-sloupek-mangovy-velky\/","title":{"rendered":"D\u0159ev\u011bn\u00fd sloupek mangov\u00fd velk\u00fd"},"content":{"rendered":"","protected":false},"excerpt":{"rendered":"<p>&nbsp;<\/p>\n<p>&nbsp;<\/p>\n<p>&nbsp;<\/p>\n<p>&nbsp;<\/p>\n<p>&nbsp;<\/p>\n<p>&nbsp;<\/p>","protected":false},"featured_media":0,"comment_status":"closed","ping_status":"closed","template":"","meta":[],"product_cat":[144,36],"product_tag":[66,146,145,143],"class_list":{"0":"post-1527","1":"product","2":"type-product","3":"status-publish","5":"product_cat-stojany","6":"product_cat-konstrukce","7":"product_tag-drevo","8":"product_tag-hneda","9":"product_tag-mango","10":"product_tag-obrad","12":"first","13":"instock","14":"taxable","15":"shipping-taxable","16":"purchasable","17":"product-type-simple"},"_links":{"self":[{"href":"https:\/\/www.rentalcompany.cz\/cs_cz\/wp-json\/wp\/v2\/product\/1527","targetHints":{"allow":["GET"]}}],"collection":[{"href":"https:\/\/www.rentalcompany.cz\/cs_cz\/wp-json\/wp\/v2\/product"}],"about":[{"href":"https:\/\/www.rentalcompany.cz\/cs_cz\/wp-json\/wp\/v2\/types\/product"}],"replies":[{"embeddable":true,"href":"https:\/\/www.rentalcompany.cz\/cs_cz\/wp-json\/wp\/v2\/comments?post=1527"}],"wp:attachment":[{"href":"https:\/\/www.rentalcompany.cz\/cs_cz\/wp-json\/wp\/v2\/media?parent=1527"}],"wp:term":[{"taxonomy":"product_cat","embeddable":true,"href":"https:\/\/www.rentalcompany.cz\/cs_cz\/wp-json\/wp\/v2\/product_cat?post=1527"},{"taxonomy":"product_tag","embeddable":true,"href":"https:\/\/www.rentalcompany.cz\/cs_cz\/wp-json\/wp\/v2\/product_tag?post=1527"}],"curies":[{"name":"wp","href":"https:\/\/api.w.org\/{rel}","templated":true}]}}