{"id":1536,"date":"2026-02-16T16:12:37","date_gmt":"2026-02-16T15:12:37","guid":{"rendered":"https:\/\/www.rentalcompany.cz\/?post_type=product&#038;p=1536"},"modified":"2026-02-23T16:47:12","modified_gmt":"2026-02-23T15:47:12","slug":"zrcadlovy-stojan-mensi","status":"publish","type":"product","link":"https:\/\/www.rentalcompany.cz\/cs_cz\/produkt\/zrcadlovy-stojan-mensi\/","title":{"rendered":"Zrcadlov\u00fd stojan men\u0161\u00ed"},"content":{"rendered":"","protected":false},"excerpt":{"rendered":"<p>&nbsp;<\/p>\n<p>&nbsp;<\/p>\n<p>&nbsp;<\/p>\n<p>&nbsp;<\/p>\n<p>&nbsp;<\/p>\n<p>&nbsp;<\/p>","protected":false},"featured_media":1613,"comment_status":"closed","ping_status":"closed","template":"","meta":[],"product_cat":[144,36],"product_tag":[147],"class_list":{"0":"post-1536","1":"product","2":"type-product","3":"status-publish","4":"has-post-thumbnail","6":"product_cat-stojany","7":"product_cat-konstrukce","8":"product_tag-zrcadlo","10":"first","11":"instock","12":"taxable","13":"shipping-taxable","14":"purchasable","15":"product-type-simple"},"_links":{"self":[{"href":"https:\/\/www.rentalcompany.cz\/cs_cz\/wp-json\/wp\/v2\/product\/1536","targetHints":{"allow":["GET"]}}],"collection":[{"href":"https:\/\/www.rentalcompany.cz\/cs_cz\/wp-json\/wp\/v2\/product"}],"about":[{"href":"https:\/\/www.rentalcompany.cz\/cs_cz\/wp-json\/wp\/v2\/types\/product"}],"replies":[{"embeddable":true,"href":"https:\/\/www.rentalcompany.cz\/cs_cz\/wp-json\/wp\/v2\/comments?post=1536"}],"wp:featuredmedia":[{"embeddable":true,"href":"https:\/\/www.rentalcompany.cz\/cs_cz\/wp-json\/wp\/v2\/media\/1613"}],"wp:attachment":[{"href":"https:\/\/www.rentalcompany.cz\/cs_cz\/wp-json\/wp\/v2\/media?parent=1536"}],"wp:term":[{"taxonomy":"product_cat","embeddable":true,"href":"https:\/\/www.rentalcompany.cz\/cs_cz\/wp-json\/wp\/v2\/product_cat?post=1536"},{"taxonomy":"product_tag","embeddable":true,"href":"https:\/\/www.rentalcompany.cz\/cs_cz\/wp-json\/wp\/v2\/product_tag?post=1536"}],"curies":[{"name":"wp","href":"https:\/\/api.w.org\/{rel}","templated":true}]}}