{"id":1543,"date":"2026-02-16T16:53:19","date_gmt":"2026-02-16T15:53:19","guid":{"rendered":"https:\/\/www.rentalcompany.cz\/?post_type=product&#038;p=1543"},"modified":"2026-02-16T16:57:25","modified_gmt":"2026-02-16T15:57:25","slug":"dreveny-bily-pojizdny-vozik-s-osvetlenim","status":"publish","type":"product","link":"https:\/\/www.rentalcompany.cz\/cs_cz\/produkt\/dreveny-bily-pojizdny-vozik-s-osvetlenim\/","title":{"rendered":"D\u0159ev\u011bn\u00fd b\u00edl\u00fd poj\u00edzdn\u00fd voz\u00edk s osv\u011btlen\u00edm"},"content":{"rendered":"","protected":false},"excerpt":{"rendered":"<p>&nbsp;<\/p>\n<p>&nbsp;<\/p>\n<p>&nbsp;<\/p>\n<p>&nbsp;<\/p>\n<p>&nbsp;<\/p>\n<p>&nbsp;<\/p>","protected":false},"featured_media":0,"comment_status":"closed","ping_status":"closed","template":"","meta":[],"product_cat":[36],"product_tag":[66,151,150],"class_list":{"0":"post-1543","1":"product","2":"type-product","3":"status-publish","5":"product_cat-konstrukce","6":"product_tag-drevo","7":"product_tag-osvetleni","8":"product_tag-vozik","10":"first","11":"instock","12":"taxable","13":"shipping-taxable","14":"purchasable","15":"product-type-simple"},"_links":{"self":[{"href":"https:\/\/www.rentalcompany.cz\/cs_cz\/wp-json\/wp\/v2\/product\/1543","targetHints":{"allow":["GET"]}}],"collection":[{"href":"https:\/\/www.rentalcompany.cz\/cs_cz\/wp-json\/wp\/v2\/product"}],"about":[{"href":"https:\/\/www.rentalcompany.cz\/cs_cz\/wp-json\/wp\/v2\/types\/product"}],"replies":[{"embeddable":true,"href":"https:\/\/www.rentalcompany.cz\/cs_cz\/wp-json\/wp\/v2\/comments?post=1543"}],"wp:attachment":[{"href":"https:\/\/www.rentalcompany.cz\/cs_cz\/wp-json\/wp\/v2\/media?parent=1543"}],"wp:term":[{"taxonomy":"product_cat","embeddable":true,"href":"https:\/\/www.rentalcompany.cz\/cs_cz\/wp-json\/wp\/v2\/product_cat?post=1543"},{"taxonomy":"product_tag","embeddable":true,"href":"https:\/\/www.rentalcompany.cz\/cs_cz\/wp-json\/wp\/v2\/product_tag?post=1543"}],"curies":[{"name":"wp","href":"https:\/\/api.w.org\/{rel}","templated":true}]}}