{"id":1572,"date":"2026-02-17T17:47:15","date_gmt":"2026-02-17T16:47:15","guid":{"rendered":"https:\/\/www.rentalcompany.cz\/?post_type=product&#038;p=1572"},"modified":"2026-02-17T18:18:54","modified_gmt":"2026-02-17T17:18:54","slug":"kovovy-stojan-bily","status":"publish","type":"product","link":"https:\/\/www.rentalcompany.cz\/cs_cz\/produkt\/kovovy-stojan-bily\/","title":{"rendered":"Kovov\u00fd stojan b\u00edl\u00fd"},"content":{"rendered":"","protected":false},"excerpt":{"rendered":"<p>&nbsp;<\/p>\n<p>&nbsp;<\/p>\n<p>&nbsp;<\/p>\n<p>&nbsp;<\/p>","protected":false},"featured_media":0,"comment_status":"closed","ping_status":"closed","template":"","meta":[],"product_cat":[144,36,34,40],"product_tag":[159,141],"class_list":{"0":"post-1572","1":"product","2":"type-product","3":"status-publish","5":"product_cat-stojany","6":"product_cat-konstrukce","7":"product_cat-na-stoly","8":"product_cat-ostatni-dekorace","9":"product_tag-bily","10":"product_tag-kov","12":"first","13":"instock","14":"taxable","15":"shipping-taxable","16":"purchasable","17":"product-type-simple"},"_links":{"self":[{"href":"https:\/\/www.rentalcompany.cz\/cs_cz\/wp-json\/wp\/v2\/product\/1572","targetHints":{"allow":["GET"]}}],"collection":[{"href":"https:\/\/www.rentalcompany.cz\/cs_cz\/wp-json\/wp\/v2\/product"}],"about":[{"href":"https:\/\/www.rentalcompany.cz\/cs_cz\/wp-json\/wp\/v2\/types\/product"}],"replies":[{"embeddable":true,"href":"https:\/\/www.rentalcompany.cz\/cs_cz\/wp-json\/wp\/v2\/comments?post=1572"}],"wp:attachment":[{"href":"https:\/\/www.rentalcompany.cz\/cs_cz\/wp-json\/wp\/v2\/media?parent=1572"}],"wp:term":[{"taxonomy":"product_cat","embeddable":true,"href":"https:\/\/www.rentalcompany.cz\/cs_cz\/wp-json\/wp\/v2\/product_cat?post=1572"},{"taxonomy":"product_tag","embeddable":true,"href":"https:\/\/www.rentalcompany.cz\/cs_cz\/wp-json\/wp\/v2\/product_tag?post=1572"}],"curies":[{"name":"wp","href":"https:\/\/api.w.org\/{rel}","templated":true}]}}