{"id":1575,"date":"2026-02-17T18:29:25","date_gmt":"2026-02-17T17:29:25","guid":{"rendered":"https:\/\/www.rentalcompany.cz\/?post_type=product&#038;p=1575"},"modified":"2026-02-17T18:33:53","modified_gmt":"2026-02-17T17:33:53","slug":"drevene-pozadi-s-polickami","status":"publish","type":"product","link":"https:\/\/www.rentalcompany.cz\/cs_cz\/produkt\/drevene-pozadi-s-polickami\/","title":{"rendered":"D\u0159ev\u011bn\u00e9 pozad\u00ed s poli\u010dkami"},"content":{"rendered":"","protected":false},"excerpt":{"rendered":"<p>&nbsp;<\/p>\n<p>&nbsp;<\/p>\n<p>&nbsp;<\/p>\n<p>&nbsp;<\/p>","protected":false},"featured_media":0,"comment_status":"closed","ping_status":"closed","template":"","meta":[],"product_cat":[155,36,46,40],"product_tag":[66,161],"class_list":{"0":"post-1575","1":"product","2":"type-product","3":"status-publish","5":"product_cat-pozadi","6":"product_cat-konstrukce","7":"product_cat-ostatni-nabytek","8":"product_cat-ostatni-dekorace","9":"product_tag-drevo","10":"product_tag-policka","12":"first","13":"instock","14":"taxable","15":"shipping-taxable","16":"purchasable","17":"product-type-simple"},"_links":{"self":[{"href":"https:\/\/www.rentalcompany.cz\/cs_cz\/wp-json\/wp\/v2\/product\/1575","targetHints":{"allow":["GET"]}}],"collection":[{"href":"https:\/\/www.rentalcompany.cz\/cs_cz\/wp-json\/wp\/v2\/product"}],"about":[{"href":"https:\/\/www.rentalcompany.cz\/cs_cz\/wp-json\/wp\/v2\/types\/product"}],"replies":[{"embeddable":true,"href":"https:\/\/www.rentalcompany.cz\/cs_cz\/wp-json\/wp\/v2\/comments?post=1575"}],"wp:attachment":[{"href":"https:\/\/www.rentalcompany.cz\/cs_cz\/wp-json\/wp\/v2\/media?parent=1575"}],"wp:term":[{"taxonomy":"product_cat","embeddable":true,"href":"https:\/\/www.rentalcompany.cz\/cs_cz\/wp-json\/wp\/v2\/product_cat?post=1575"},{"taxonomy":"product_tag","embeddable":true,"href":"https:\/\/www.rentalcompany.cz\/cs_cz\/wp-json\/wp\/v2\/product_tag?post=1575"}],"curies":[{"name":"wp","href":"https:\/\/api.w.org\/{rel}","templated":true}]}}