{"id":1578,"date":"2026-02-17T18:38:06","date_gmt":"2026-02-17T17:38:06","guid":{"rendered":"https:\/\/www.rentalcompany.cz\/?post_type=product&#038;p=1578"},"modified":"2026-02-17T18:39:20","modified_gmt":"2026-02-17T17:39:20","slug":"dreveny-3d-oblouk","status":"publish","type":"product","link":"https:\/\/www.rentalcompany.cz\/cs_cz\/produkt\/dreveny-3d-oblouk\/","title":{"rendered":"D\u0159ev\u011bn\u00fd 3D oblouk"},"content":{"rendered":"","protected":false},"excerpt":{"rendered":"<p>&nbsp;<\/p>\n<p>&nbsp;<\/p>\n<p>&nbsp;<\/p>\n<p>&nbsp;<\/p>","protected":false},"featured_media":0,"comment_status":"closed","ping_status":"closed","template":"","meta":[],"product_cat":[155,36,46,40],"product_tag":[66,162],"class_list":{"0":"post-1578","1":"product","2":"type-product","3":"status-publish","5":"product_cat-pozadi","6":"product_cat-konstrukce","7":"product_cat-ostatni-nabytek","8":"product_cat-ostatni-dekorace","9":"product_tag-drevo","10":"product_tag-oblouk","12":"first","13":"instock","14":"taxable","15":"shipping-taxable","16":"purchasable","17":"product-type-simple"},"_links":{"self":[{"href":"https:\/\/www.rentalcompany.cz\/cs_cz\/wp-json\/wp\/v2\/product\/1578","targetHints":{"allow":["GET"]}}],"collection":[{"href":"https:\/\/www.rentalcompany.cz\/cs_cz\/wp-json\/wp\/v2\/product"}],"about":[{"href":"https:\/\/www.rentalcompany.cz\/cs_cz\/wp-json\/wp\/v2\/types\/product"}],"replies":[{"embeddable":true,"href":"https:\/\/www.rentalcompany.cz\/cs_cz\/wp-json\/wp\/v2\/comments?post=1578"}],"wp:attachment":[{"href":"https:\/\/www.rentalcompany.cz\/cs_cz\/wp-json\/wp\/v2\/media?parent=1578"}],"wp:term":[{"taxonomy":"product_cat","embeddable":true,"href":"https:\/\/www.rentalcompany.cz\/cs_cz\/wp-json\/wp\/v2\/product_cat?post=1578"},{"taxonomy":"product_tag","embeddable":true,"href":"https:\/\/www.rentalcompany.cz\/cs_cz\/wp-json\/wp\/v2\/product_tag?post=1578"}],"curies":[{"name":"wp","href":"https:\/\/api.w.org\/{rel}","templated":true}]}}