{"id":957,"date":"2025-05-18T23:32:49","date_gmt":"2025-05-18T21:32:49","guid":{"rendered":"https:\/\/www.rentalcompany.cz\/?post_type=product&#038;p=957"},"modified":"2025-07-29T23:22:10","modified_gmt":"2025-07-29T21:22:10","slug":"antique-sofa","status":"publish","type":"product","link":"https:\/\/www.rentalcompany.cz\/cs_cz\/produkt\/antique-sofa\/","title":{"rendered":"Antique sofa"},"content":{"rendered":"","protected":false},"excerpt":{"rendered":"<p>Rustik\u00e1ln\u00ed sofa v antique stylu s ln\u011bn\u00fdm potahem. Vhodn\u00fd do lounge z\u00f3ny pro svateb\u010dany.<\/p>","protected":false},"featured_media":958,"comment_status":"closed","ping_status":"closed","template":"","meta":[],"product_cat":[33,43],"product_tag":[67,66,64,65,68,69,63],"class_list":{"0":"post-957","1":"product","2":"type-product","3":"status-publish","4":"has-post-thumbnail","6":"product_cat-nabytek","7":"product_cat-sofa","8":"product_tag-antique","9":"product_tag-drevo","10":"product_tag-len","11":"product_tag-lounge-zona","12":"product_tag-nabytek","13":"product_tag-posezeni","14":"product_tag-sofa","15":"product_shipping_class-stredne-tezke-veci","17":"first","18":"instock","19":"taxable","20":"shipping-taxable","21":"purchasable","22":"product-type-simple"},"_links":{"self":[{"href":"https:\/\/www.rentalcompany.cz\/cs_cz\/wp-json\/wp\/v2\/product\/957","targetHints":{"allow":["GET"]}}],"collection":[{"href":"https:\/\/www.rentalcompany.cz\/cs_cz\/wp-json\/wp\/v2\/product"}],"about":[{"href":"https:\/\/www.rentalcompany.cz\/cs_cz\/wp-json\/wp\/v2\/types\/product"}],"replies":[{"embeddable":true,"href":"https:\/\/www.rentalcompany.cz\/cs_cz\/wp-json\/wp\/v2\/comments?post=957"}],"wp:featuredmedia":[{"embeddable":true,"href":"https:\/\/www.rentalcompany.cz\/cs_cz\/wp-json\/wp\/v2\/media\/958"}],"wp:attachment":[{"href":"https:\/\/www.rentalcompany.cz\/cs_cz\/wp-json\/wp\/v2\/media?parent=957"}],"wp:term":[{"taxonomy":"product_cat","embeddable":true,"href":"https:\/\/www.rentalcompany.cz\/cs_cz\/wp-json\/wp\/v2\/product_cat?post=957"},{"taxonomy":"product_tag","embeddable":true,"href":"https:\/\/www.rentalcompany.cz\/cs_cz\/wp-json\/wp\/v2\/product_tag?post=957"}],"curies":[{"name":"wp","href":"https:\/\/api.w.org\/{rel}","templated":true}]}}